{"id":6036,"date":"2015-04-20T13:59:28","date_gmt":"2015-04-20T13:59:28","guid":{"rendered":"https:\/\/cbc-logistics.com\/?page_id=6036"},"modified":"2019-01-11T09:42:49","modified_gmt":"2019-01-11T08:42:49","slug":"service","status":"publish","type":"page","link":"https:\/\/cbc-logistics.com\/en\/service","title":{"rendered":"Service"},"content":{"rendered":"<p>[et_pb_section bb_built=&#8221;1&#8243; admin_label=&#8221;section&#8221; fullwidth=&#8221;on&#8221; specialty=&#8221;off&#8221; transparent_background=&#8221;off&#8221; inner_shadow=&#8221;off&#8221; parallax=&#8221;off&#8221; parallax_method=&#8221;off&#8221; background_color=&#8221;#1b3c74&#8243; next_background_color=&#8221;#FFFFFF&#8221;][et_pb_fullwidth_slider admin_label=&#8221;Fullwidth Slider&#8221; show_arrows=&#8221;off&#8221; show_pagination=&#8221;off&#8221; auto=&#8221;off&#8221; parallax=&#8221;off&#8221; parallax_method=&#8221;off&#8221; module_id=&#8221;start1&#8243; module_class=&#8221;logistik&#8221; auto_ignore_hover=&#8221;off&#8221; remove_inner_shadow=&#8221;off&#8221; background_position=&#8221;default&#8221; background_size=&#8221;default&#8221; hide_content_on_mobile=&#8221;off&#8221; hide_cta_on_mobile=&#8221;off&#8221; show_image_video_mobile=&#8221;off&#8221; custom_button=&#8221;off&#8221; button_letter_spacing=&#8221;0&#8243; button_use_icon=&#8221;default&#8221; button_icon_placement=&#8221;right&#8221; button_on_hover=&#8221;on&#8221; button_letter_spacing_hover=&#8221;0&#8243; custom_padding=&#8221;|||&#8221; custom_padding_tablet=&#8221;|||&#8221; custom_padding_phone=&#8221;|||&#8221; show_inner_shadow=&#8221;on&#8221; show_content_on_mobile=&#8221;on&#8221; show_cta_on_mobile=&#8221;on&#8221; box_shadow_horizontal=&#8221;0px&#8221; box_shadow_vertical=&#8221;0px&#8221; box_shadow_blur=&#8221;10px&#8221; box_shadow_spread=&#8221;0px&#8221; box_shadow_position=&#8221;inner&#8221; box_shadow_color=&#8221;rgba(0,0,0,0.1)&#8221; box_shadow_style=&#8221;preset6&#8243;][et_pb_slide background_color=&#8221;#1b3c74&#8243; alignment=&#8221;center&#8221; background_layout=&#8221;dark&#8221; background_image=&#8221;https:\/\/cbc-logistics.com\/wp-content\/uploads\/2014\/12\/cbc-logistics-beratung-paketversand-express-carrier-service.jpg&#8221; allow_player_pause=&#8221;off&#8221; background_position=&#8221;default&#8221; background_size=&#8221;default&#8221; use_bg_overlay=&#8221;off&#8221; use_text_overlay=&#8221;off&#8221; text_border_radius=&#8221;3&#8243; header_font_select=&#8221;default&#8221; header_font=&#8221;||||&#8221; body_font_select=&#8221;default&#8221; body_font=&#8221;||||&#8221; custom_button=&#8221;off&#8221; button_font_select=&#8221;default&#8221; button_font=&#8221;||||&#8221; button_use_icon=&#8221;default&#8221; button_icon_placement=&#8221;right&#8221; button_on_hover=&#8221;on&#8221; image_alt=&#8221;Service | KundenSupport c.b.c. logistics GmbH&#8221;]<\/p>\n<h1>Unsere Kunden verdienen besonderen Service!<\/h1>\n<h4>kundennah &#8211; produktiv &#8211; effizient<\/h4>\n<p>[\/et_pb_slide][\/et_pb_fullwidth_slider][\/et_pb_section][et_pb_section bb_built=&#8221;1&#8243; admin_label=&#8221;section&#8221; fullwidth=&#8221;off&#8221; specialty=&#8221;off&#8221; prev_background_color=&#8221;#1b3c74&#8243; next_background_color=&#8221;#153b78&#8243;][et_pb_row admin_label=&#8221;row&#8221; make_fullwidth=&#8221;on&#8221; use_custom_width=&#8221;off&#8221; width_unit=&#8221;on&#8221; use_custom_gutter=&#8221;off&#8221; padding_mobile=&#8221;off&#8221; allow_player_pause=&#8221;off&#8221; parallax=&#8221;off&#8221; parallax_method=&#8221;off&#8221; make_equal=&#8221;off&#8221; parallax_1=&#8221;off&#8221; parallax_method_1=&#8221;off&#8221; column_padding_mobile=&#8221;on&#8221; background_position=&#8221;top_left&#8221; background_repeat=&#8221;repeat&#8221; background_size=&#8221;initial&#8221;][et_pb_column type=&#8221;4_4&#8243;][et_pb_text background_layout=&#8221;light&#8221; text_orientation=&#8221;left&#8221; use_border_color=&#8221;off&#8221; border_color=&#8221;#ffffff&#8221; border_style=&#8221;solid&#8221; background_position=&#8221;top_left&#8221; background_repeat=&#8221;repeat&#8221; background_size=&#8221;initial&#8221;]<\/p>\n<p>Kunden &#8211; <strong>Service<\/strong> &#8211; Bei der Auswahl des <strong>Versandpartners<\/strong> spielen unter anderem, folgende Schl\u00fcsselfaktoren eine wichtige Rolle:\u00a0<\/p>\n<ul>\n<li>Welche erg\u00e4nzende Dienstleistung bietet der Versandpartner an?<\/li>\n<li>Welche Arbeitserleichterung habe ich dadurch?<\/li>\n<li>Welche Arbeitserleichterung bringt mir die Versandsoftwarel\u00f6sung?<\/li>\n<li>Bekomme ich einen IT Support bei der Integration und im Tagesgesch\u00e4ft?<\/li>\n<li>Bekomme ich pers\u00f6nlichen, kompetenten und unabh\u00e4ngigen Kundenservice der all meine Anfragen rund um das Versandgesch\u00e4ft betreut?<\/li>\n<\/ul>\n<p>Dies sind nur einige Punkte die die Zusammenarbeit mit der c.b.c. logistics beschreiben. Unser Kundenservice k\u00fcmmert sich z.B. um Ihre Laufzeitanfragen, Preisrecherche, Schadensreklamation oder die fehlende Gutschrift einer Nachnahmesendung. Nat\u00fcrlich k\u00f6nnten Sie alles direkt bei dem Paketdienstleister anfragen. Die langj\u00e4hrige Praxis hat bereits viele Onlineversandh\u00e4ndler \u00fcberzeugt, dass die Zusammenarbeit mit einem Versandpartner, wie es die c.b.c. logistics ist, gr\u00f6\u00dfere Erfolgsquote bringt. Die Gr\u00fcnde der gr\u00f6\u00dferen Erfolgsquote liegen auf der Hand:<\/p>\n<ul>\n<li>Langj\u00e4hriges angeeignetes Fachwissen rund um Logistik<\/li>\n<li>Wir sind ein unabh\u00e4ngiger Versandpartner<\/li>\n<li>Unser Service ist Paketdienstleister \u00fcbergreifend<\/li>\n<li>Durch die B\u00fcndelung der Versandmenge, sowie durch unseren Status als Servicepartner, werden unsere Anforderungen priorisierter behandelt<\/li>\n<\/ul>\n<p>[\/et_pb_text][et_pb_divider admin_label=&#8221;Divider&#8221; show_divider=&#8221;on&#8221; height=&#8221;10px&#8221; disabled_on=&#8221;on|on|off&#8221; color=&#8221;#ffffff&#8221; \/][\/et_pb_column][\/et_pb_row][et_pb_row admin_label=&#8221;row&#8221; make_fullwidth=&#8221;on&#8221; use_custom_width=&#8221;off&#8221; width_unit=&#8221;on&#8221; use_custom_gutter=&#8221;off&#8221; padding_mobile=&#8221;off&#8221; allow_player_pause=&#8221;off&#8221; parallax=&#8221;off&#8221; parallax_method=&#8221;off&#8221; make_equal=&#8221;off&#8221; parallax_1=&#8221;off&#8221; parallax_method_1=&#8221;off&#8221; parallax_2=&#8221;off&#8221; parallax_method_2=&#8221;off&#8221; parallax_3=&#8221;off&#8221; parallax_method_3=&#8221;off&#8221; parallax_4=&#8221;off&#8221; parallax_method_4=&#8221;off&#8221; column_padding_mobile=&#8221;on&#8221; background_position=&#8221;top_left&#8221; background_repeat=&#8221;repeat&#8221; background_size=&#8221;initial&#8221;][et_pb_column type=&#8221;1_4&#8243;][et_pb_blurb admin_label=&#8221;Blurb&#8221; title=&#8221;Servicemanagment&#8221; url=&#8221;https:\/\/cbc-logistics.com\/service\/servicemanagement&#8221; icon_color=&#8221;#888989&#8243; circle_color=&#8221;#888989&#8243; circle_border_color=&#8221;#888989&#8243; image=&#8221;https:\/\/cbc-logistics.com\/wp-content\/uploads\/2015\/01\/icons-service-servicemanagment1.png&#8221; alt=&#8221;c.b.c. logistics | Servicemanagment | Service&#8221; text_orientation=&#8221;center&#8221; use_border_color=&#8221;off&#8221; background_position=&#8221;top_left&#8221; background_repeat=&#8221;repeat&#8221; background_size=&#8221;initial&#8221; _builder_version=&#8221;3.15&#8243; \/][\/et_pb_column][et_pb_column type=&#8221;1_4&#8243;][et_pb_blurb admin_label=&#8221;Blurb&#8221; title=&#8221;Reklamationsmanagment&#8221; url=&#8221;https:\/\/cbc-logistics.com\/service\/reklamationsmanagement&#8221; icon_color=&#8221;#888989&#8243; circle_color=&#8221;#888989&#8243; circle_border_color=&#8221;#888989&#8243; image=&#8221;https:\/\/cbc-logistics.com\/wp-content\/uploads\/2015\/01\/icons-service-reklamationanagment.png&#8221; alt=&#8221;c.b.c. logistics | Reklamationsmanagment | Service&#8221; text_orientation=&#8221;center&#8221; use_border_color=&#8221;off&#8221; background_position=&#8221;top_left&#8221; background_repeat=&#8221;repeat&#8221; background_size=&#8221;initial&#8221; _builder_version=&#8221;3.15&#8243; \/][\/et_pb_column][et_pb_column type=&#8221;1_4&#8243;][et_pb_blurb admin_label=&#8221;Blurb&#8221; title=&#8221;Versandleiter&#8221; url=&#8221;https:\/\/cbc-logistics.com\/service\/versandleiter&#8221; icon_color=&#8221;#888989&#8243; circle_color=&#8221;#888989&#8243; circle_border_color=&#8221;#888989&#8243; image=&#8221;https:\/\/cbc-logistics.com\/wp-content\/uploads\/2015\/01\/icons-service-Versandleiter.png&#8221; alt=&#8221;c.b.c. logistics | Versandleiter | Service&#8221; text_orientation=&#8221;center&#8221; use_border_color=&#8221;off&#8221; background_position=&#8221;top_left&#8221; background_repeat=&#8221;repeat&#8221; background_size=&#8221;initial&#8221; _builder_version=&#8221;3.15&#8243; \/][\/et_pb_column][et_pb_column type=&#8221;1_4&#8243;][\/et_pb_column][\/et_pb_row][\/et_pb_section][et_pb_section bb_built=&#8221;1&#8243; fullwidth=&#8221;off&#8221; specialty=&#8221;on&#8221; transparent_background=&#8221;off&#8221; background_color=&#8221;#153b78&#8243; allow_player_pause=&#8221;off&#8221; inner_shadow=&#8221;off&#8221; parallax=&#8221;off&#8221; parallax_method=&#8221;off&#8221; padding_mobile=&#8221;off&#8221; make_fullwidth=&#8221;off&#8221; use_custom_width=&#8221;off&#8221; width_unit=&#8221;on&#8221; make_equal=&#8221;off&#8221; use_custom_gutter=&#8221;off&#8221; gutter_width=&#8221;3&#8243; parallax_1=&#8221;off&#8221; parallax_method_1=&#8221;off&#8221; parallax_2=&#8221;off&#8221; parallax_method_2=&#8221;off&#8221; prev_background_color=&#8221;#FFFFFF&#8221; custom_padding_tablet=&#8221;50px|0|50px|0&#8243; custom_padding_last_edited=&#8221;on|desktop&#8221; next_background_color=&#8221;#FFFFFF&#8221; global_module=&#8221;7913&#8243;][et_pb_column type=&#8221;2_3&#8243; specialty_columns=&#8221;2&#8243;][et_pb_row_inner admin_label=&#8221;Zeile&#8221; global_parent=&#8221;7913&#8243;][et_pb_column_inner type=&#8221;4_4&#8243; saved_specialty_column_type=&#8221;2_3&#8243;][\/et_pb_column_inner][\/et_pb_row_inner][\/et_pb_column][et_pb_column type=&#8221;1_3&#8243;][\/et_pb_column][\/et_pb_section][et_pb_section bb_built=&#8221;1&#8243; fullwidth=&#8221;off&#8221; specialty=&#8221;off&#8221; prev_background_color=&#8221;#153b78&#8243; next_background_color=&#8221;#153b78&#8243;][et_pb_row admin_label=&#8221;row&#8221; make_fullwidth=&#8221;on&#8221; use_custom_width=&#8221;off&#8221; width_unit=&#8221;on&#8221; use_custom_gutter=&#8221;off&#8221; padding_mobile=&#8221;off&#8221; allow_player_pause=&#8221;off&#8221; parallax=&#8221;off&#8221; parallax_method=&#8221;off&#8221; make_equal=&#8221;off&#8221; parallax_1=&#8221;off&#8221; parallax_method_1=&#8221;off&#8221; parallax_2=&#8221;off&#8221; parallax_method_2=&#8221;off&#8221; column_padding_mobile=&#8221;on&#8221; background_position=&#8221;top_left&#8221; background_repeat=&#8221;repeat&#8221; background_size=&#8221;initial&#8221;][et_pb_column type=&#8221;1_3&#8243;][et_pb_team_member name=&#8221;Sie haben offene Fragen?&#8221; image_url=&#8221;https:\/\/cbc-logistics.com\/wp-content\/uploads\/2015\/04\/beratung-neu-1.jpg&#8221; animation=&#8221;fade_in&#8221; background_layout=&#8221;light&#8221; use_border_color=&#8221;off&#8221; border_color=&#8221;#ffffff&#8221; border_style=&#8221;solid&#8221; background_position=&#8221;top_left&#8221; background_repeat=&#8221;repeat&#8221; background_size=&#8221;initial&#8221;]<\/p>\n<p>Unser Beratungsteam steht Ihnen von <br \/>\n<strong>Mo &#8211; Fr 08:00 &#8211; 17:00<\/strong> Uhr unter <br \/>\n<strong>Tel:\u00a0+49 (0)2507 &#8211; 53920 &#8211; 10<\/strong> <br \/>\nzur Verf\u00fcgung.<\/p>\n<p>[\/et_pb_team_member][\/et_pb_column][et_pb_column type=&#8221;2_3&#8243;][et_pb_text background_layout=&#8221;light&#8221; text_orientation=&#8221;left&#8221; background_position=&#8221;top_left&#8221; background_repeat=&#8221;repeat&#8221; background_size=&#8221;initial&#8221;]<\/p>\n<h4>Sie sind noch kein Kunde der c.b.c. logistics ? Entscheiden Sie sich kurzfristig f\u00fcr eine kostenlose Beratung und profitieren Sie von unseren Versanddienstleistungen.<\/h4>\n<p>[\/et_pb_text][et_pb_toggle admin_label=&#8221;Toggle&#8221; title=&#8221;Ihre 10 Gr\u00fcnde f\u00fcr die Zusammenarbeit&#8221; open=&#8221;on&#8221; background_position=&#8221;top_left&#8221; background_repeat=&#8221;repeat&#8221; background_size=&#8221;initial&#8221;]<\/p>\n<ol>\n<li>Kostenlose und unverbindliche Logistikberatung<\/li>\n<li>Die c.b.c. logistics Versandsoftware erm\u00f6glicht\u00a0die Nutzung einer Vielzahl verschiedener Paketdienstleistern \u00fcber\u00a0eine Benutzeroberfl\u00e4che<\/li>\n<li>Anbindung\u00a0unserer Versandsoftware an Ihre Warenwirtschaft<\/li>\n<li>Unterst\u00fctzung bei der Internationaliserung Ihres Versandes und Warenvertriebes<\/li>\n<li>B\u00fcndelung der Leistungen der einzelnen Paketdienstleister<\/li>\n<li>Keine Vertragsbindung<\/li>\n<li>Individuelle Preisgestaltung nach Ihren Anforderungen und Ihrer Versandstruktur<\/li>\n<li>IT Support f\u00fcr die von uns\u00a0eingesetzte Versandsoftware und deren Schnittstellen<\/li>\n<li>Single Point of Contact Kundenservice f\u00fcr alle Paketdienstleister<\/li>\n<li>Verg\u00fcnstigungen bei Anschluss an unsere eCommerce Partner in den Bereichen Marktpl\u00e4tze, Shop-Systeme und Internationalisierung<\/li>\n<\/ol>\n<p>[\/et_pb_toggle][\/et_pb_column][\/et_pb_row][\/et_pb_section][et_pb_section bb_built=&#8221;1&#8243; fullwidth=&#8221;off&#8221; specialty=&#8221;off&#8221; transparent_background=&#8221;off&#8221; allow_player_pause=&#8221;off&#8221; inner_shadow=&#8221;off&#8221; parallax=&#8221;on&#8221; parallax_method=&#8221;on&#8221; padding_mobile=&#8221;off&#8221; make_fullwidth=&#8221;off&#8221; use_custom_width=&#8221;off&#8221; width_unit=&#8221;on&#8221; make_equal=&#8221;off&#8221; use_custom_gutter=&#8221;off&#8221; background_color=&#8221;#153b78&#8243; collapsed=&#8221;off&#8221; custom_css_main_element=&#8221;padding: 20px;&#8221; custom_padding_tablet=&#8221;50px|0|50px|0&#8243; custom_padding_last_edited=&#8221;on|desktop&#8221; prev_background_color=&#8221;#FFFFFF&#8221; global_module=&#8221;8562&#8243;][et_pb_row admin_label=&#8221;row&#8221; global_parent=&#8221;8562&#8243; make_fullwidth=&#8221;on&#8221; use_custom_width=&#8221;off&#8221; width_unit=&#8221;off&#8221; use_custom_gutter=&#8221;off&#8221; custom_padding=&#8221;15px|0px|0px|0px&#8221; padding_mobile=&#8221;off&#8221; allow_player_pause=&#8221;off&#8221; parallax=&#8221;off&#8221; parallax_method=&#8221;off&#8221; make_equal=&#8221;off&#8221; parallax_1=&#8221;off&#8221; parallax_method_1=&#8221;off&#8221; column_padding_mobile=&#8221;off&#8221; background_position=&#8221;top_left&#8221; background_repeat=&#8221;repeat&#8221; background_size=&#8221;initial&#8221;][et_pb_column type=&#8221;4_4&#8243;][et_pb_text global_parent=&#8221;8562&#8243; background_layout=&#8221;dark&#8221; text_orientation=&#8221;center&#8221; use_border_color=&#8221;off&#8221; border_color=&#8221;#ffffff&#8221; border_style=&#8221;solid&#8221; text_font_size=&#8221;22&#8243; text_font_size_tablet=&#8221;18&#8243; text_font_size_last_edited=&#8221;on|desktop&#8221; text_line_height_last_edited=&#8221;on|phone&#8221; text_font_size_phone=&#8221;16&#8243; text_line_height=&#8221;1.6em&#8221; text_line_height_tablet=&#8221;1.3em&#8221; background_position=&#8221;top_left&#8221; background_repeat=&#8221;repeat&#8221; background_size=&#8221;initial&#8221; module_alignment=&#8221;center&#8221;]<\/p>\n<h2>Wir optimieren Ihren Paketversand<\/h2>\n<p>Die c.b.c. logistics GmbH ist Ihr Ansprechpartner, wenn es um Versandhandel &amp; Logistikl\u00f6sungen geht. Kontaktieren Sie uns<\/p>\n<p>[\/et_pb_text][\/et_pb_column][\/et_pb_row][et_pb_row admin_label=&#8221;row&#8221; global_parent=&#8221;8562&#8243; make_fullwidth=&#8221;on&#8221; use_custom_width=&#8221;off&#8221; width_unit=&#8221;on&#8221; use_custom_gutter=&#8221;off&#8221; padding_mobile=&#8221;off&#8221; allow_player_pause=&#8221;off&#8221; parallax=&#8221;off&#8221; parallax_method=&#8221;off&#8221; make_equal=&#8221;off&#8221; parallax_1=&#8221;off&#8221; parallax_method_1=&#8221;off&#8221; parallax_2=&#8221;off&#8221; parallax_method_2=&#8221;off&#8221; column_padding_mobile=&#8221;on&#8221; background_position=&#8221;top_left&#8221; background_repeat=&#8221;repeat&#8221; background_size=&#8221;initial&#8221;][et_pb_column type=&#8221;1_2&#8243;][et_pb_cta admin_label=&#8221;Call To Action&#8221; global_parent=&#8221;8562&#8243; saved_tabs=&#8221;all&#8221; button_url=&#8221;https:\/\/cbc-logistics.com\/en\/quote-request&#8221; button_text=&#8221;INDIVIDUELLES ANGEBOT ANFORDERN&#8221; use_background_color=&#8221;off&#8221; background_color=&#8221;#888989&#8243; body_line_height=&#8221;1.4em&#8221; use_border_color=&#8221;off&#8221; custom_button=&#8221;on&#8221; button_text_size=&#8221;21&#8243; button_text_size_tablet=&#8221;15&#8243; button_text_size_phone=&#8221;14&#8243; button_text_size_last_edited=&#8221;on|phone&#8221; button_text_color=&#8221;#ffffff&#8221; button_bg_color=&#8221;#8db30c&#8221; button_border_radius=&#8221;8&#8243; button_use_icon=&#8221;off&#8221; button_text_color_hover=&#8221;#ffffff&#8221; button_bg_color_hover=&#8221;#b2b2b2&#8243; button_border_color_hover=&#8221;#ffffff&#8221; button_border_radius_hover=&#8221;8&#8243; button_letter_spacing_hover=&#8221;1&#8243; custom_css_promo_description=&#8221;padding-bottom:0px;&#8221; background_position=&#8221;top_left&#8221; background_repeat=&#8221;repeat&#8221; background_size=&#8221;initial&#8221; _builder_version=&#8221;3.15&#8243; \/][\/et_pb_column][et_pb_column type=&#8221;1_2&#8243;][et_pb_cta admin_label=&#8221;Call To Action&#8221; global_parent=&#8221;8562&#8243; saved_tabs=&#8221;all&#8221; button_url=&#8221;https:\/\/cbc-logistics.com\/en\/contact#rueckruf&#8221; button_text=&#8221;IHREN R\u00dcCKRUFWUNSCH MITTEILEN&#8221; use_background_color=&#8221;off&#8221; background_color=&#8221;#888989&#8243; body_line_height=&#8221;1.4em&#8221; use_border_color=&#8221;off&#8221; custom_button=&#8221;on&#8221; button_text_size=&#8221;21&#8243; button_text_size_tablet=&#8221;15&#8243; button_text_size_phone=&#8221;14&#8243; button_text_size_last_edited=&#8221;on|phone&#8221; button_text_color=&#8221;#ffffff&#8221; button_bg_color=&#8221;#8db30c&#8221; button_border_radius=&#8221;8&#8243; button_use_icon=&#8221;off&#8221; button_text_color_hover=&#8221;#ffffff&#8221; button_bg_color_hover=&#8221;#b2b2b2&#8243; button_border_color_hover=&#8221;#ffffff&#8221; button_border_radius_hover=&#8221;8&#8243; button_letter_spacing_hover=&#8221;1&#8243; custom_css_promo_description=&#8221;padding-bottom:0px;&#8221; background_position=&#8221;top_left&#8221; background_repeat=&#8221;repeat&#8221; background_size=&#8221;initial&#8221; _builder_version=&#8221;3.15&#8243; \/][\/et_pb_column][\/et_pb_row][\/et_pb_section]<\/p>\n","protected":false},"excerpt":{"rendered":"<p>Unsere Kunden verdienen besonderen Service! kundennah &#8211; produktiv &#8211; effizient Kunden &#8211; Service &#8211; Bei der Auswahl des Versandpartners spielen unter anderem, folgende Schl\u00fcsselfaktoren eine wichtige Rolle:\u00a0 Welche erg\u00e4nzende Dienstleistung bietet der Versandpartner an? Welche Arbeitserleichterung habe ich dadurch? Welche Arbeitserleichterung bringt mir die Versandsoftwarel\u00f6sung? Bekomme ich einen IT Support bei der Integration und im [&hellip;]<\/p>\n","protected":false},"author":1,"featured_media":0,"parent":0,"menu_order":0,"comment_status":"closed","ping_status":"closed","template":"","meta":{"_et_pb_use_builder":"on","_et_pb_old_content":"","_et_gb_content_width":"","footnotes":""},"class_list":["post-6036","page","type-page","status-publish","hentry"],"aioseo_notices":[],"_links":{"self":[{"href":"https:\/\/cbc-logistics.com\/en\/wp-json\/wp\/v2\/pages\/6036","targetHints":{"allow":["GET"]}}],"collection":[{"href":"https:\/\/cbc-logistics.com\/en\/wp-json\/wp\/v2\/pages"}],"about":[{"href":"https:\/\/cbc-logistics.com\/en\/wp-json\/wp\/v2\/types\/page"}],"author":[{"embeddable":true,"href":"https:\/\/cbc-logistics.com\/en\/wp-json\/wp\/v2\/users\/1"}],"replies":[{"embeddable":true,"href":"https:\/\/cbc-logistics.com\/en\/wp-json\/wp\/v2\/comments?post=6036"}],"version-history":[{"count":0,"href":"https:\/\/cbc-logistics.com\/en\/wp-json\/wp\/v2\/pages\/6036\/revisions"}],"wp:attachment":[{"href":"https:\/\/cbc-logistics.com\/en\/wp-json\/wp\/v2\/media?parent=6036"}],"curies":[{"name":"wp","href":"https:\/\/api.w.org\/{rel}","templated":true}]}}