{"id":7545,"date":"2015-11-02T10:31:57","date_gmt":"2015-11-02T10:31:57","guid":{"rendered":"https:\/\/en.cbc-logistics.com\/imprint\/"},"modified":"2018-04-06T05:34:27","modified_gmt":"2018-04-06T04:34:27","slug":"imprint","status":"publish","type":"page","link":"https:\/\/cbc-logistics.com\/en\/contact\/imprint","title":{"rendered":"Imprint"},"content":{"rendered":"<p>[et_pb_section bb_built=&#8221;1&#8243; admin_label=&#8221;section&#8221; fullwidth=&#8221;on&#8221; specialty=&#8221;off&#8221; transparent_background=&#8221;off&#8221; background_color=&#8221;#153b78&#8243; inner_shadow=&#8221;off&#8221; parallax=&#8221;off&#8221; parallax_method=&#8221;off&#8221; next_background_color=&#8221;#ffffff&#8221;][et_pb_fullwidth_header admin_label=&#8221;Fullwidth Header&#8221; title=&#8221;Imprint&#8221; background_layout=&#8221;dark&#8221; text_orientation=&#8221;center&#8221; header_fullscreen=&#8221;off&#8221; header_scroll_down=&#8221;off&#8221; parallax=&#8221;off&#8221; parallax_method=&#8221;off&#8221; content_orientation=&#8221;center&#8221; image_orientation=&#8221;center&#8221; custom_button_one=&#8221;off&#8221; button_one_letter_spacing=&#8221;0&#8243; button_one_use_icon=&#8221;default&#8221; button_one_icon_placement=&#8221;right&#8221; button_one_on_hover=&#8221;on&#8221; button_one_letter_spacing_hover=&#8221;0&#8243; custom_button_two=&#8221;off&#8221; button_two_letter_spacing=&#8221;0&#8243; button_two_use_icon=&#8221;default&#8221; button_two_icon_placement=&#8221;right&#8221; button_two_on_hover=&#8221;on&#8221; button_two_letter_spacing_hover=&#8221;0&#8243; \/][\/et_pb_section][et_pb_section bb_built=&#8221;1&#8243; admin_label=&#8221;section&#8221; fullwidth=&#8221;off&#8221; specialty=&#8221;on&#8221; transparent_background=&#8221;off&#8221; background_color=&#8221;#ffffff&#8221; allow_player_pause=&#8221;off&#8221; inner_shadow=&#8221;off&#8221; parallax=&#8221;off&#8221; parallax_method=&#8221;off&#8221; padding_mobile=&#8221;off&#8221; make_fullwidth=&#8221;on&#8221; use_custom_width=&#8221;off&#8221; width_unit=&#8221;on&#8221; make_equal=&#8221;off&#8221; use_custom_gutter=&#8221;off&#8221; parallax_1=&#8221;off&#8221; parallax_method_1=&#8221;off&#8221; parallax_2=&#8221;off&#8221; parallax_method_2=&#8221;off&#8221; custom_padding_tablet=&#8221;50px|0|50px|0&#8243; custom_padding_last_edited=&#8221;on|desktop&#8221; prev_background_color=&#8221;#153b78&#8243; next_background_color=&#8221;#153b78&#8243;][et_pb_column type=&#8221;2_3&#8243; specialty_columns=&#8221;2&#8243;][et_pb_row_inner][et_pb_column_inner type=&#8221;4_4&#8243; saved_specialty_column_type=&#8221;2_3&#8243;][et_pb_text background_layout=&#8221;light&#8221; _builder_version=&#8221;3.0.106&#8243;]<\/p>\n<h3>The contact person and responsible for the content of these pages is:<\/h3>\n<p>c.b.c. logistics GmbH <br \/>\nAm Sportplatz 11 <br \/>\n35641 Sch\u00f6ffengrund<\/p>\n<p>Telephone: +49 6445 25771-0<br \/>\n Fax: +49 6445 25771-17<br \/>\n E-mail: info[at]cbc-logistics.com<\/p>\n<p>Managing directors: Micha Augstein<br \/>\nUST-ID: DE263570906 <br \/>\nPlace of jurisdiction &amp; registry court District court Coesfeld <br \/>\nHRB 14717<\/p>\n<h3>Exclusion of liability:<\/h3>\n<p>Despite careful content monitoring, we assume no liability for the content of external links. The content of linked pages is the exclusive responsibility of their operators.<\/p>\n<h3>Copyright:<\/h3>\n<p>Design, layout, script and source code, graphics and other contents are protected according to copyright law \u00a7 16. Copying, reproduction, alteration, editing of the source code, design, script and layout is strictly prohibited and only permitted with written permission of the c.b.c. logisics GmbH!<\/p>\n<p>[\/et_pb_text][\/et_pb_column_inner][\/et_pb_row_inner][\/et_pb_column][et_pb_column type=&#8221;1_3&#8243;][et_pb_team_member image_url=&#8221;https:\/\/cbc-logistics.com\/wp-content\/uploads\/2015\/04\/beratung-neu-1.jpg&#8221; animation=&#8221;fade_in&#8221; background_layout=&#8221;light&#8221;] In case you require assistance, our<strong> service team<\/strong> is available <strong>Mo \u2013 Fr<\/strong>\u00a0<strong>8 a.m. \u2013 5 p.m.<\/strong> on <strong>+49 6445 25771-20<\/strong>. [\/et_pb_team_member][\/et_pb_column][\/et_pb_section][et_pb_section bb_built=&#8221;1&#8243; admin_label=&#8221;section&#8221; fullwidth=&#8221;off&#8221; specialty=&#8221;off&#8221; transparent_background=&#8221;off&#8221; background_color=&#8221;#153b78&#8243; inner_shadow=&#8221;off&#8221; parallax=&#8221;off&#8221; parallax_method=&#8221;off&#8221; allow_player_pause=&#8221;off&#8221; padding_mobile=&#8221;off&#8221; make_fullwidth=&#8221;off&#8221; use_custom_width=&#8221;off&#8221; width_unit=&#8221;on&#8221; make_equal=&#8221;off&#8221; use_custom_gutter=&#8221;off&#8221; gutter_width=&#8221;3&#8243; global_module=&#8221;8023&#8243; prev_background_color=&#8221;#ffffff&#8221; custom_padding_tablet=&#8221;50px|0|50px|0&#8243; custom_padding_last_edited=&#8221;on|desktop&#8221;][et_pb_row admin_label=&#8221;row&#8221; global_parent=&#8221;8023&#8243; make_fullwidth=&#8221;on&#8221; use_custom_width=&#8221;off&#8221; width_unit=&#8221;off&#8221; use_custom_gutter=&#8221;off&#8221; custom_padding=&#8221;15px|0px|0px|0px&#8221; padding_mobile=&#8221;off&#8221; allow_player_pause=&#8221;off&#8221; parallax=&#8221;off&#8221; parallax_method=&#8221;off&#8221; make_equal=&#8221;off&#8221; parallax_1=&#8221;off&#8221; parallax_method_1=&#8221;off&#8221; column_padding_mobile=&#8221;on&#8221; background_position=&#8221;top_left&#8221; background_repeat=&#8221;repeat&#8221; background_size=&#8221;initial&#8221;][et_pb_column type=&#8221;4_4&#8243;][et_pb_text global_parent=&#8221;8023&#8243; background_layout=&#8221;dark&#8221; text_orientation=&#8221;center&#8221; use_border_color=&#8221;off&#8221; border_color=&#8221;#ffffff&#8221; border_style=&#8221;solid&#8221; background_position=&#8221;top_left&#8221; background_repeat=&#8221;repeat&#8221; background_size=&#8221;initial&#8221; module_alignment=&#8221;center&#8221;]<\/p>\n<h2><span style=\"font-size: 24px;\">We optimise your parcel shipping<\/span><\/h2>\n<h3><span style=\"font-size: 20px;\">c.b.c. logistics is your partner when it comes to shipping business and logistics solutions. Contact us <strong>now<\/strong>! Our consultation is <strong>non-binding<\/strong> and <strong>free of charge<\/strong>.<\/span><\/h3>\n<p>[\/et_pb_text][\/et_pb_column][\/et_pb_row][et_pb_row admin_label=&#8221;row&#8221; global_parent=&#8221;8023&#8243; make_fullwidth=&#8221;on&#8221; use_custom_width=&#8221;off&#8221; width_unit=&#8221;on&#8221; use_custom_gutter=&#8221;off&#8221; padding_mobile=&#8221;off&#8221; allow_player_pause=&#8221;off&#8221; parallax=&#8221;off&#8221; parallax_method=&#8221;off&#8221; make_equal=&#8221;off&#8221; parallax_1=&#8221;off&#8221; parallax_method_1=&#8221;off&#8221; parallax_2=&#8221;off&#8221; parallax_method_2=&#8221;off&#8221; column_padding_mobile=&#8221;on&#8221; background_position=&#8221;top_left&#8221; background_repeat=&#8221;repeat&#8221; background_size=&#8221;initial&#8221;][et_pb_column type=&#8221;1_2&#8243;][et_pb_cta admin_label=&#8221;Call To Action&#8221; global_parent=&#8221;8023&#8243; saved_tabs=&#8221;all&#8221; button_url=&#8221;https:\/\/en.cbc-logistics.com\/contact\/#callback&#8221; url_new_window=&#8221;off&#8221; button_text=&#8221;REQUEST A CALL BACK&#8221; use_background_color=&#8221;off&#8221; background_color=&#8221;#888989&#8243; background_layout=&#8221;dark&#8221; text_orientation=&#8221;center&#8221; header_font_size=&#8221;26&#8243; body_font_size=&#8221;14&#8243; body_line_height=&#8221;1.4em&#8221; use_border_color=&#8221;off&#8221; border_color=&#8221;#ffffff&#8221; border_style=&#8221;solid&#8221; custom_button=&#8221;on&#8221; button_text_size=&#8221;20&#8243; button_text_color=&#8221;#ffffff&#8221; button_bg_color=&#8221;#8db30c&#8221; button_border_width=&#8221;2&#8243; button_border_radius=&#8221;3&#8243; button_letter_spacing=&#8221;0&#8243; button_use_icon=&#8221;off&#8221; button_icon_placement=&#8221;right&#8221; button_on_hover=&#8221;on&#8221; button_text_color_hover=&#8221;#8db30c&#8221; button_bg_color_hover=&#8221;#ffffff&#8221; button_border_color_hover=&#8221;#8db30c&#8221; button_border_radius_hover=&#8221;3&#8243; button_letter_spacing_hover=&#8221;1&#8243; background_position=&#8221;top_left&#8221; background_repeat=&#8221;repeat&#8221; background_size=&#8221;initial&#8221; \/][\/et_pb_column][et_pb_column type=&#8221;1_2&#8243;][et_pb_cta admin_label=&#8221;Call To Action&#8221; global_parent=&#8221;8023&#8243; saved_tabs=&#8221;all&#8221; button_url=&#8221;https:\/\/en.cbc-logistics.com\/contact\/quote-request\/&#8221; url_new_window=&#8221;off&#8221; button_text=&#8221;REQUEST A TAILORED QUOTE&#8221; use_background_color=&#8221;off&#8221; background_color=&#8221;#888989&#8243; background_layout=&#8221;dark&#8221; text_orientation=&#8221;center&#8221; header_font_size=&#8221;26&#8243; body_font_size=&#8221;14&#8243; body_line_height=&#8221;1.4em&#8221; use_border_color=&#8221;off&#8221; border_color=&#8221;#ffffff&#8221; border_style=&#8221;solid&#8221; custom_button=&#8221;on&#8221; button_text_size=&#8221;20&#8243; button_text_color=&#8221;#ffffff&#8221; button_bg_color=&#8221;#8db30c&#8221; button_border_width=&#8221;2&#8243; button_border_radius=&#8221;3&#8243; button_letter_spacing=&#8221;0&#8243; button_use_icon=&#8221;off&#8221; button_icon_placement=&#8221;right&#8221; button_on_hover=&#8221;on&#8221; button_text_color_hover=&#8221;#8db30c&#8221; button_bg_color_hover=&#8221;#ffffff&#8221; button_border_color_hover=&#8221;#8db30c&#8221; button_border_radius_hover=&#8221;3&#8243; button_letter_spacing_hover=&#8221;1&#8243; background_position=&#8221;top_left&#8221; background_repeat=&#8221;repeat&#8221; background_size=&#8221;initial&#8221; \/][\/et_pb_column][\/et_pb_row][\/et_pb_section]<\/p>\n","protected":false},"excerpt":{"rendered":"<p>The contact person and responsible for the content of these pages is: c.b.c. logistics GmbH Am Sportplatz 11 35641 Sch\u00f6ffengrund Telephone: +49 6445 25771-0 Fax: +49 6445 25771-17 E-mail: info[at]cbc-logistics.com Managing directors: Micha Augstein UST-ID: DE263570906 Place of jurisdiction &amp; registry court District court Coesfeld HRB 14717 Exclusion of liability: Despite careful content monitoring, we [&hellip;]<\/p>\n","protected":false},"author":1,"featured_media":0,"parent":7684,"menu_order":0,"comment_status":"closed","ping_status":"closed","template":"","meta":{"_et_pb_use_builder":"on","_et_pb_old_content":"<h3>Ansprechpartner und verantwortlich f\u00fcr den Inhalt dieser Seiten ist:<\/h3><p>c.b.c. logistics GmbH<br \/> Am Sportplatz 11<br \/> 35641 Sch\u00f6ffengrund<\/p><p>Telefon: +49 (0)2507 - 53920 - 0<br \/> Telefax: +49 (0)2507 - 53920 - 17<br \/> Email: info[at]cbc-logistics.com<\/p><p>Gesch\u00e4ftsf\u00fchrer: Markus Goldhammer<br \/> UST-ID: DE263570906<br \/> Gerichtsstand & Registergericht<br \/> Amtsgericht Coesfeld HRB 14717<\/p><h3>Hauftungsausschluss:<\/h3><p>Trotz sorgf\u00e4ltiger inhaltlicher Kontrolle \u00fcbernehmen wir keine Haftung f\u00fcr die Inhalte externer Links. F\u00fcr den Inhalt der verlinkten Seiten sind ausschlie\u00dflich deren Betreiber verantwortlich.<\/p><h3>Copyright:<\/h3><p>Design, Layout, Script und Quelltext, Grafiken und andere Inhalte sind laut \u00a7 16 Urheberrechtsgesetz rechtlich gesch\u00fctzt. Die Kopie, Vervielf\u00e4ltigung, Ver\u00e4nderung, Bearbeitung des Quellcodes, Designs, Scripts und Layout ist strengstens untersagt und nur mit schriftlicher Genehmigung von c.b.c. logisics GmbH erlaubt!<\/p>","_et_gb_content_width":"","footnotes":""},"class_list":["post-7545","page","type-page","status-publish","hentry"],"aioseo_notices":[],"_links":{"self":[{"href":"https:\/\/cbc-logistics.com\/en\/wp-json\/wp\/v2\/pages\/7545","targetHints":{"allow":["GET"]}}],"collection":[{"href":"https:\/\/cbc-logistics.com\/en\/wp-json\/wp\/v2\/pages"}],"about":[{"href":"https:\/\/cbc-logistics.com\/en\/wp-json\/wp\/v2\/types\/page"}],"author":[{"embeddable":true,"href":"https:\/\/cbc-logistics.com\/en\/wp-json\/wp\/v2\/users\/1"}],"replies":[{"embeddable":true,"href":"https:\/\/cbc-logistics.com\/en\/wp-json\/wp\/v2\/comments?post=7545"}],"version-history":[{"count":0,"href":"https:\/\/cbc-logistics.com\/en\/wp-json\/wp\/v2\/pages\/7545\/revisions"}],"up":[{"embeddable":true,"href":"https:\/\/cbc-logistics.com\/en\/wp-json\/wp\/v2\/pages\/7684"}],"wp:attachment":[{"href":"https:\/\/cbc-logistics.com\/en\/wp-json\/wp\/v2\/media?parent=7545"}],"curies":[{"name":"wp","href":"https:\/\/api.w.org\/{rel}","templated":true}]}}