{"id":7567,"date":"2014-11-10T15:55:46","date_gmt":"2014-11-10T13:55:46","guid":{"rendered":"https:\/\/en.cbc-logistics.com\/request-for-a-call-back\/"},"modified":"2016-09-19T14:37:07","modified_gmt":"2016-09-19T13:37:07","slug":"request-for-a-call-back","status":"publish","type":"page","link":"https:\/\/cbc-logistics.com\/en\/contact\/request-for-a-call-back","title":{"rendered":"Request-for-a-call-back\/"},"content":{"rendered":"<p>[et_pb_section admin_label=&#8221;Sektion&#8221; fullwidth=&#8221;off&#8221; specialty=&#8221;on&#8221; transparent_background=&#8221;off&#8221; background_color=&#8221;#153b78&#8243; allow_player_pause=&#8221;off&#8221; inner_shadow=&#8221;off&#8221; parallax=&#8221;off&#8221; parallax_method=&#8221;off&#8221; padding_mobile=&#8221;off&#8221; make_fullwidth=&#8221;on&#8221; use_custom_width=&#8221;off&#8221; width_unit=&#8221;on&#8221; make_equal=&#8221;off&#8221; use_custom_gutter=&#8221;off&#8221; parallax_1=&#8221;off&#8221; parallax_method_1=&#8221;off&#8221; parallax_2=&#8221;off&#8221; parallax_method_2=&#8221;off&#8221;][et_pb_column type=&#8221;1_2&#8243;][et_pb_text admin_label=&#8221;Text&#8221; background_layout=&#8221;dark&#8221; text_orientation=&#8221;left&#8221; use_border_color=&#8221;off&#8221; border_color=&#8221;#ffffff&#8221; border_style=&#8221;solid&#8221; custom_margin=&#8221;20px||20px|&#8221;]<\/p>\n<h1>Request for a call back<\/h1>\n<h2>Gerne nehmen wir uns Zeit f\u00fcr Ihre Fragen.<\/h2>\n<p>[\/et_pb_text][\/et_pb_column][et_pb_column type=&#8221;1_2&#8243; specialty_columns=&#8221;2&#8243;][et_pb_row_inner admin_label=&#8221;Zeile&#8221; padding_mobile=&#8221;off&#8221; use_custom_gutter=&#8221;off&#8221; column_padding_mobile=&#8221;on&#8221; make_equal=&#8221;off&#8221; padding_top_1=&#8221;20&#8243; padding_bottom_1=&#8221;20&#8243;][\/et_pb_row_inner][\/et_pb_column][\/et_pb_section][et_pb_section admin_label=&#8221;section&#8221;][et_pb_row admin_label=&#8221;row&#8221; make_fullwidth=&#8221;on&#8221; use_custom_width=&#8221;off&#8221; width_unit=&#8221;on&#8221; use_custom_gutter=&#8221;off&#8221; padding_mobile=&#8221;off&#8221; allow_player_pause=&#8221;off&#8221; parallax=&#8221;off&#8221; parallax_method=&#8221;off&#8221; make_equal=&#8221;off&#8221; parallax_1=&#8221;off&#8221; parallax_method_1=&#8221;off&#8221; column_padding_mobile=&#8221;on&#8221;][et_pb_column type=&#8221;4_4&#8243;][et_pb_text admin_label=&#8221;Text&#8221; background_layout=&#8221;light&#8221; text_orientation=&#8221;left&#8221; use_border_color=&#8221;off&#8221; border_color=&#8221;#ffffff&#8221; border_style=&#8221;solid&#8221;]<\/p>\n<h3><strong>Sie w\u00fcnschen einen R\u00fcckruf von uns?<\/strong><\/h3>\n<p>Bitte nutzen Sie dieses Formular, um uns Ihr Anliegen mitzuteilen. Wir melden uns zu gew\u00fcnschter Zeit\u00a0bei Ihnen (in der Zeit von 8.00 &#8211; 17.00 Uhr von Montag bis Freitag).<\/p>\n<p><noscript class=\"ninja-forms-noscript-message\">\n\tNotice: JavaScript is required for this content.<\/noscript>\n<style>\n\n        \/* PLUGIN WIDE STYLES *\/\n    \n        .nf-form-cont {\n                                    background-color:#dddddd;\n                                            padding:5px;\n                    }\n        .nf-response-msg {\n                                    padding:5px;\n                    }\n        .nf-form-content .nf-field-element .ninja-forms-field:not(select) {\n                                    width:100%;\n                    }\n    <\/style><div id=\"nf-form-56-cont\" class=\"nf-form-cont\" aria-live=\"polite\" aria-labelledby=\"nf-form-title-56\" aria-describedby=\"nf-form-errors-56\" role=\"form\">\n\n    <div class=\"nf-loading-spinner\"><\/div>\n\n<\/div>\n        <!-- That data is being printed as a workaround to page builders reordering the order of the scripts loaded-->\n        <script>var formDisplay=1;var nfForms=nfForms||[];var form=[];form.id='56';form.settings={\"date_updated\":\"2015-02-27 11:18:46\",\"show_title\":\"0\",\"save_subs\":\"1\",\"logged_in\":\"0\",\"append_page\":\"\",\"ajax\":\"0\",\"clear_complete\":\"1\",\"hide_complete\":\"1\",\"success_msg\":\"Your form has been successfully submitted.\",\"email_from\":\"\",\"email_type\":\"html\",\"user_email_msg\":\"Thank you so much for contacting us. We will get back to you shortly.\",\"user_email_fields\":\"0\",\"admin_email_msg\":\"\",\"admin_email_fields\":\"1\",\"admin_attach_csv\":\"0\",\"email_from_name\":\"\",\"status\":\"\",\"style\":{\"cols\":\"2\"},\"not_logged_in_msg\":\"\",\"sub_limit_number\":\"\",\"sub_limit_msg\":\"\",\"title\":\"EN Contact Form\",\"conditions\":[],\"formContentData\":[{\"order\":\"0\",\"cells\":[{\"order\":\"0\",\"fields\":[\"textbox_305\"],\"width\":\"50\"},{\"order\":\"1\",\"fields\":[\"email_306\"],\"width\":\"50\"}]},{\"order\":\"1\",\"cells\":[{\"order\":\"0\",\"fields\":[\"textarea_307\"],\"width\":\"50\"},{\"order\":\"1\",\"fields\":[\"spam_308\"],\"width\":\"50\"}]},{\"order\":\"2\",\"cells\":[{\"order\":\"0\",\"fields\":[\"submit_309\"],\"width\":\"100\"}]},{\"order\":\"3\",\"cells\":[{\"order\":\"0\",\"fields\":[\"textbox_465\"],\"width\":\"100\"}]},{\"order\":\"4\",\"cells\":[{\"order\":\"0\",\"fields\":[\"cleverreachoptin_466\"],\"width\":\"100\"}]}],\"ninjaForms\":\"Ninja Forms\",\"changeEmailErrorMsg\":\"Please enter a valid email address!\",\"changeDateErrorMsg\":\"Please enter a valid date!\",\"confirmFieldErrorMsg\":\"These fields must match!\",\"fieldNumberNumMinError\":\"Number Min Error\",\"fieldNumberNumMaxError\":\"Number Max Error\",\"fieldNumberIncrementBy\":\"Please increment by \",\"fieldTextareaRTEInsertLink\":\"Insert Link\",\"fieldTextareaRTEInsertMedia\":\"Insert Media\",\"fieldTextareaRTESelectAFile\":\"Select a file\",\"formErrorsCorrectErrors\":\"Please correct errors before submitting this form.\",\"formHoneypot\":\"If you are a human seeing this field, please leave it empty.\",\"validateRequiredField\":\"This is a required field.\",\"honeypotHoneypotError\":\"Honeypot Error\",\"fileUploadOldCodeFileUploadInProgress\":\"File Upload in Progress.\",\"fileUploadOldCodeFileUpload\":\"FILE UPLOAD\",\"currencySymbol\":\"&euro;\",\"fieldsMarkedRequired\":\"Fields marked with an <span class=\\\"ninja-forms-req-symbol\\\">*<\\\/span> are required\",\"thousands_sep\":\",\",\"decimal_point\":\".\",\"siteLocale\":\"en_US\",\"dateFormat\":\"d\\\/m\\\/Y\",\"startOfWeek\":\"1\",\"of\":\"of\",\"previousMonth\":\"Previous Month\",\"nextMonth\":\"Next Month\",\"months\":[\"January\",\"February\",\"March\",\"April\",\"May\",\"June\",\"July\",\"August\",\"September\",\"October\",\"November\",\"December\"],\"monthsShort\":[\"Jan\",\"Feb\",\"Mar\",\"Apr\",\"May\",\"Jun\",\"Jul\",\"Aug\",\"Sep\",\"Oct\",\"Nov\",\"Dec\"],\"weekdays\":[\"Sunday\",\"Monday\",\"Tuesday\",\"Wednesday\",\"Thursday\",\"Friday\",\"Saturday\"],\"weekdaysShort\":[\"Sun\",\"Mon\",\"Tue\",\"Wed\",\"Thu\",\"Fri\",\"Sat\"],\"weekdaysMin\":[\"Su\",\"Mo\",\"Tu\",\"We\",\"Th\",\"Fr\",\"Sa\"],\"recaptchaConsentMissing\":\"reCaptcha validation couldn&#039;t load.\",\"recaptchaMissingCookie\":\"reCaptcha v3 validation couldn&#039;t load the cookie needed to submit the form.\",\"recaptchaConsentEvent\":\"Accept reCaptcha cookies before sending the form.\",\"embed_form\":\"\",\"currency_symbol\":\"\",\"beforeForm\":\"\",\"beforeFields\":\"\",\"afterFields\":\"\",\"afterForm\":\"\"};form.fields=[{\"id\":305,\"type\":\"textbox\",\"order\":0,\"fav_id\":0,\"def_id\":0,\"label\":\"Name\",\"label_pos\":\"above\",\"default_value\":\"\",\"mask\":\"\",\"datepicker\":0,\"first_name\":\"\",\"last_name\":\"\",\"from_name\":0,\"user_address_1\":\"\",\"user_address_2\":\"\",\"user_city\":\"\",\"user_zip\":\"\",\"user_phone\":\"\",\"user_email\":\"\",\"user_info_field_group\":\"\",\"show_help\":0,\"help_text\":\"\",\"show_desc\":0,\"desc_pos\":\"none\",\"desc_text\":\"\",\"calc_auto_include\":0,\"user_state\":0,\"user_info_field_group_name\":\"\",\"user_info_field_group_custom\":\"\",\"input_limit\":\"\",\"input_limit_type\":\"char\",\"input_limit_msg\":\"\",\"admin_label\":\"\",\"num_sort\":0,\"style\":{\"colspan\":\"1\"},\"element_class\":\"\",\"required\":1,\"default\":\"\",\"key\":\"textbox_305\",\"parent_id\":56,\"beforeField\":\"\",\"afterField\":\"\",\"value\":\"\",\"parentType\":\"textbox\",\"element_templates\":[\"textbox\",\"input\"],\"old_classname\":\"\",\"wrap_template\":\"wrap\"},{\"id\":306,\"type\":\"email\",\"order\":1,\"fav_id\":0,\"def_id\":14,\"label\":\"Email\",\"label_pos\":\"above\",\"default_value\":\"\",\"mask\":\"\",\"datepicker\":0,\"first_name\":0,\"last_name\":0,\"from_name\":0,\"user_address_1\":0,\"user_address_2\":0,\"user_city\":0,\"user_zip\":0,\"user_phone\":0,\"user_info_field_group\":1,\"show_help\":0,\"help_text\":\"\",\"calc_auto_include\":0,\"calc_option\":0,\"user_info_field_group_name\":\"\",\"user_info_field_group_custom\":\"\",\"show_desc\":0,\"desc_pos\":\"none\",\"desc_text\":\"\",\"user_state\":0,\"input_limit\":\"\",\"input_limit_type\":\"char\",\"input_limit_msg\":\"\",\"admin_label\":\"\",\"num_sort\":0,\"style\":{\"colspan\":\"1\"},\"element_class\":\"\",\"required\":1,\"default\":\"\",\"key\":\"email_306\",\"parent_id\":56,\"beforeField\":\"\",\"afterField\":\"\",\"value\":\"\",\"parentType\":\"email\",\"element_templates\":[\"email\",\"input\"],\"old_classname\":\"\",\"wrap_template\":\"wrap\"},{\"id\":307,\"type\":\"textarea\",\"order\":2,\"fav_id\":0,\"def_id\":0,\"label\":\"Message\",\"label_pos\":\"above\",\"default_value\":\"\",\"textarea_rte\":0,\"textarea_media\":0,\"disable_rte_mobile\":0,\"show_help\":0,\"help_text\":\"\",\"show_desc\":0,\"desc_pos\":\"none\",\"desc_text\":\"\",\"calc_auto_include\":0,\"input_limit\":\"\",\"input_limit_type\":\"char\",\"input_limit_msg\":\"\",\"admin_label\":\"\",\"num_sort\":0,\"style\":{\"colspan\":\"1\"},\"element_class\":\"\",\"required\":1,\"default\":\"\",\"key\":\"textarea_307\",\"parent_id\":56,\"beforeField\":\"\",\"afterField\":\"\",\"value\":\"\",\"parentType\":\"textarea\",\"element_templates\":[\"textarea\",\"input\"],\"old_classname\":\"\",\"wrap_template\":\"wrap\"},{\"id\":308,\"type\":\"spam\",\"order\":3,\"fav_id\":0,\"def_id\":0,\"label_pos\":\"above\",\"label\":\"Verifizierung 8 + 4\",\"spam_answer\":12,\"show_help\":0,\"help_text\":\"\",\"show_desc\":0,\"desc_pos\":\"none\",\"desc_text\":\"\",\"style\":{\"colspan\":\"1\"},\"element_class\":\"\",\"required\":1,\"key\":\"spam_308\",\"parent_id\":56,\"beforeField\":\"\",\"afterField\":\"\",\"value\":\"\",\"parentType\":\"spam\",\"element_templates\":[\"textbox\",\"input\"],\"old_classname\":\"\",\"wrap_template\":\"wrap\"},{\"id\":309,\"type\":\"submit\",\"order\":4,\"fav_id\":0,\"def_id\":0,\"label\":\"Send\",\"show_help\":0,\"help_text\":\"\",\"show_desc\":0,\"desc_pos\":\"none\",\"desc_text\":\"\",\"style\":{\"colspan\":\"2\"},\"processing_label\":\"Processing\",\"element_class\":\"\",\"key\":\"submit_309\",\"parent_id\":56,\"beforeField\":\"\",\"afterField\":\"\",\"value\":\"\",\"label_pos\":null,\"parentType\":\"textbox\",\"element_templates\":[\"submit\",\"button\",\"input\"],\"old_classname\":\"\",\"wrap_template\":\"wrap-no-label\"},{\"id\":465,\"type\":\"textbox\",\"order\":999,\"fav_id\":93,\"def_id\":\"\",\"label\":\"c.b.c. Kundennummer\",\"label_pos\":\"above\",\"default_value\":\"\",\"mask\":\"\",\"datepicker\":0,\"send_email\":0,\"first_name\":0,\"last_name\":0,\"from_name\":0,\"show_help\":0,\"help_text\":\"\",\"replyto_email\":0,\"element_class\":\"\",\"required\":1,\"default\":\"\",\"key\":\"textbox_465\",\"parent_id\":56,\"beforeField\":\"\",\"afterField\":\"\",\"value\":\"\",\"parentType\":\"textbox\",\"element_templates\":[\"textbox\",\"input\"],\"old_classname\":\"\",\"wrap_template\":\"wrap\"},{\"id\":0,\"label\":\"Signup checkbox\",\"order\":999,\"key\":\"cleverreachoptin_466\",\"type\":\"unknown\",\"message\":\"Field type &quot;cleverreachoptin&quot; not found.\",\"beforeField\":\"\",\"afterField\":\"\",\"value\":\"\",\"label_pos\":null,\"parentType\":\"unknown\",\"element_templates\":[\"null\",\"hidden\",\"input\"],\"old_classname\":\"\",\"wrap_template\":\"wrap-no-label\"}];nfForms.push(form);<\/script>\n                <script id=\"nf-tmpl-cell\" type=\"text\/template\">\n            <nf-fields><\/nf-fields>\n        <\/script>\n\n        <script id=\"nf-tmpl-row\" type=\"text\/template\">\n            <nf-cells><\/nf-cells>\n        <\/script>\n\n         [\/et_pb_text][\/et_pb_column][\/et_pb_row][\/et_pb_section]<\/p>\n","protected":false},"excerpt":{"rendered":"<p>Request for a call back Gerne nehmen wir uns Zeit f\u00fcr Ihre Fragen. Sie w\u00fcnschen einen R\u00fcckruf von uns? Bitte nutzen Sie dieses Formular, um uns Ihr Anliegen mitzuteilen. Wir melden uns zu gew\u00fcnschter Zeit\u00a0bei Ihnen (in der Zeit von 8.00 &#8211; 17.00 Uhr von Montag bis Freitag). <noscript class=\"ninja-forms-noscript-message\">\n\tNotice: JavaScript is required for this content.<\/noscript>\n<style>\n\n        \/* PLUGIN WIDE STYLES *\/\n    \n        .nf-form-cont {\n                                    background-color:#dddddd;\n                                            padding:5px;\n                    }\n        .nf-response-msg {\n                                    padding:5px;\n                    }\n        .nf-form-content .nf-field-element .ninja-forms-field:not(select) {\n                                    width:100%;\n                    }\n    <\/style><div id=\"nf-form-56_1-cont\" class=\"nf-form-cont\" aria-live=\"polite\" aria-labelledby=\"nf-form-title-56_1\" aria-describedby=\"nf-form-errors-56_1\" role=\"form\">\n\n    <div class=\"nf-loading-spinner\"><\/div>\n\n<\/div>\n        <!-- That data is being printed as a workaround to page builders reordering the order of the scripts loaded-->\n        <script>var formDisplay=1;var nfForms=nfForms||[];var form=[];form.id='56_1';form.settings={\"date_updated\":\"2015-02-27 11:18:46\",\"show_title\":\"0\",\"save_subs\":\"1\",\"logged_in\":\"0\",\"append_page\":\"\",\"ajax\":\"0\",\"clear_complete\":\"1\",\"hide_complete\":\"1\",\"success_msg\":\"Your form has been successfully submitted.\",\"email_from\":\"\",\"email_type\":\"html\",\"user_email_msg\":\"Thank you so much for contacting us. We will get back to you shortly.\",\"user_email_fields\":\"0\",\"admin_email_msg\":\"\",\"admin_email_fields\":\"1\",\"admin_attach_csv\":\"0\",\"email_from_name\":\"\",\"status\":\"\",\"style\":{\"cols\":\"2\"},\"not_logged_in_msg\":\"\",\"sub_limit_number\":\"\",\"sub_limit_msg\":\"\",\"title\":\"EN Contact Form\",\"conditions\":[],\"formContentData\":[{\"order\":\"0\",\"cells\":[{\"order\":\"0\",\"fields\":[\"textbox_305\"],\"width\":\"50\"},{\"order\":\"1\",\"fields\":[\"email_306\"],\"width\":\"50\"}]},{\"order\":\"1\",\"cells\":[{\"order\":\"0\",\"fields\":[\"textarea_307\"],\"width\":\"50\"},{\"order\":\"1\",\"fields\":[\"spam_308\"],\"width\":\"50\"}]},{\"order\":\"2\",\"cells\":[{\"order\":\"0\",\"fields\":[\"submit_309\"],\"width\":\"100\"}]},{\"order\":\"3\",\"cells\":[{\"order\":\"0\",\"fields\":[\"textbox_465\"],\"width\":\"100\"}]},{\"order\":\"4\",\"cells\":[{\"order\":\"0\",\"fields\":[\"cleverreachoptin_466\"],\"width\":\"100\"}]}],\"ninjaForms\":\"Ninja Forms\",\"changeEmailErrorMsg\":\"Please enter a valid email address!\",\"changeDateErrorMsg\":\"Please enter a valid date!\",\"confirmFieldErrorMsg\":\"These fields must match!\",\"fieldNumberNumMinError\":\"Number Min Error\",\"fieldNumberNumMaxError\":\"Number Max Error\",\"fieldNumberIncrementBy\":\"Please increment by \",\"fieldTextareaRTEInsertLink\":\"Insert Link\",\"fieldTextareaRTEInsertMedia\":\"Insert Media\",\"fieldTextareaRTESelectAFile\":\"Select a file\",\"formErrorsCorrectErrors\":\"Please correct errors before submitting this form.\",\"formHoneypot\":\"If you are a human seeing this field, please leave it empty.\",\"validateRequiredField\":\"This is a required field.\",\"honeypotHoneypotError\":\"Honeypot Error\",\"fileUploadOldCodeFileUploadInProgress\":\"File Upload in Progress.\",\"fileUploadOldCodeFileUpload\":\"FILE UPLOAD\",\"currencySymbol\":\"&euro;\",\"fieldsMarkedRequired\":\"Fields marked with an &lt;span class=&quot;ninja-forms-req-symbol&quot;&gt;*&lt;\\\/span&gt; are required\",\"thousands_sep\":\",\",\"decimal_point\":\".\",\"siteLocale\":\"en_US\",\"dateFormat\":\"d\\\/m\\\/Y\",\"startOfWeek\":\"1\",\"of\":\"of\",\"previousMonth\":\"Previous Month\",\"nextMonth\":\"Next Month\",\"months\":[\"January\",\"February\",\"March\",\"April\",\"May\",\"June\",\"July\",\"August\",\"September\",\"October\",\"November\",\"December\"],\"monthsShort\":[\"Jan\",\"Feb\",\"Mar\",\"Apr\",\"May\",\"Jun\",\"Jul\",\"Aug\",\"Sep\",\"Oct\",\"Nov\",\"Dec\"],\"weekdays\":[\"Sunday\",\"Monday\",\"Tuesday\",\"Wednesday\",\"Thursday\",\"Friday\",\"Saturday\"],\"weekdaysShort\":[\"Sun\",\"Mon\",\"Tue\",\"Wed\",\"Thu\",\"Fri\",\"Sat\"],\"weekdaysMin\":[\"Su\",\"Mo\",\"Tu\",\"We\",\"Th\",\"Fr\",\"Sa\"],\"recaptchaConsentMissing\":\"reCaptcha validation couldn&#039;t load.\",\"recaptchaMissingCookie\":\"reCaptcha v3 validation couldn&#039;t load the cookie needed to submit the form.\",\"recaptchaConsentEvent\":\"Accept reCaptcha cookies before sending the form.\",\"embed_form\":\"\",\"currency_symbol\":\"\",\"beforeForm\":\"\",\"beforeFields\":\"\",\"afterFields\":\"\",\"afterForm\":\"\"};form.fields=[{\"id\":\"305_1\",\"type\":\"textbox\",\"order\":0,\"fav_id\":0,\"def_id\":0,\"label\":\"Name\",\"label_pos\":\"above\",\"default_value\":\"\",\"mask\":\"\",\"datepicker\":0,\"first_name\":\"\",\"last_name\":\"\",\"from_name\":0,\"user_address_1\":\"\",\"user_address_2\":\"\",\"user_city\":\"\",\"user_zip\":\"\",\"user_phone\":\"\",\"user_email\":\"\",\"user_info_field_group\":\"\",\"show_help\":0,\"help_text\":\"\",\"show_desc\":0,\"desc_pos\":\"none\",\"desc_text\":\"\",\"calc_auto_include\":0,\"user_state\":0,\"user_info_field_group_name\":\"\",\"user_info_field_group_custom\":\"\",\"input_limit\":\"\",\"input_limit_type\":\"char\",\"input_limit_msg\":\"\",\"admin_label\":\"\",\"num_sort\":0,\"style\":{\"colspan\":\"1\"},\"element_class\":\"\",\"required\":1,\"default\":\"\",\"key\":\"textbox_305\",\"parent_id\":56,\"beforeField\":\"\",\"afterField\":\"\",\"value\":\"\",\"parentType\":\"textbox\",\"element_templates\":[\"textbox\",\"input\"],\"old_classname\":\"\",\"wrap_template\":\"wrap\"},{\"id\":\"306_1\",\"type\":\"email\",\"order\":1,\"fav_id\":0,\"def_id\":14,\"label\":\"Email\",\"label_pos\":\"above\",\"default_value\":\"\",\"mask\":\"\",\"datepicker\":0,\"first_name\":0,\"last_name\":0,\"from_name\":0,\"user_address_1\":0,\"user_address_2\":0,\"user_city\":0,\"user_zip\":0,\"user_phone\":0,\"user_info_field_group\":1,\"show_help\":0,\"help_text\":\"\",\"calc_auto_include\":0,\"calc_option\":0,\"user_info_field_group_name\":\"\",\"user_info_field_group_custom\":\"\",\"show_desc\":0,\"desc_pos\":\"none\",\"desc_text\":\"\",\"user_state\":0,\"input_limit\":\"\",\"input_limit_type\":\"char\",\"input_limit_msg\":\"\",\"admin_label\":\"\",\"num_sort\":0,\"style\":{\"colspan\":\"1\"},\"element_class\":\"\",\"required\":1,\"default\":\"\",\"key\":\"email_306\",\"parent_id\":56,\"beforeField\":\"\",\"afterField\":\"\",\"value\":\"\",\"parentType\":\"email\",\"element_templates\":[\"email\",\"input\"],\"old_classname\":\"\",\"wrap_template\":\"wrap\"},{\"id\":\"307_1\",\"type\":\"textarea\",\"order\":2,\"fav_id\":0,\"def_id\":0,\"label\":\"Message\",\"label_pos\":\"above\",\"default_value\":\"\",\"textarea_rte\":0,\"textarea_media\":0,\"disable_rte_mobile\":0,\"show_help\":0,\"help_text\":\"\",\"show_desc\":0,\"desc_pos\":\"none\",\"desc_text\":\"\",\"calc_auto_include\":0,\"input_limit\":\"\",\"input_limit_type\":\"char\",\"input_limit_msg\":\"\",\"admin_label\":\"\",\"num_sort\":0,\"style\":{\"colspan\":\"1\"},\"element_class\":\"\",\"required\":1,\"default\":\"\",\"key\":\"textarea_307\",\"parent_id\":56,\"beforeField\":\"\",\"afterField\":\"\",\"value\":\"\",\"parentType\":\"textarea\",\"element_templates\":[\"textarea\",\"input\"],\"old_classname\":\"\",\"wrap_template\":\"wrap\"},{\"id\":\"308_1\",\"type\":\"spam\",\"order\":3,\"fav_id\":0,\"def_id\":0,\"label_pos\":\"above\",\"label\":\"Verifizierung 8 + 4\",\"spam_answer\":12,\"show_help\":0,\"help_text\":\"\",\"show_desc\":0,\"desc_pos\":\"none\",\"desc_text\":\"\",\"style\":{\"colspan\":\"1\"},\"element_class\":\"\",\"required\":1,\"key\":\"spam_308\",\"parent_id\":56,\"beforeField\":\"\",\"afterField\":\"\",\"value\":\"\",\"parentType\":\"spam\",\"element_templates\":[\"textbox\",\"input\"],\"old_classname\":\"\",\"wrap_template\":\"wrap\"},{\"id\":\"309_1\",\"type\":\"submit\",\"order\":4,\"fav_id\":0,\"def_id\":0,\"label\":\"Send\",\"show_help\":0,\"help_text\":\"\",\"show_desc\":0,\"desc_pos\":\"none\",\"desc_text\":\"\",\"style\":{\"colspan\":\"2\"},\"processing_label\":\"Processing\",\"element_class\":\"\",\"key\":\"submit_309\",\"parent_id\":56,\"beforeField\":\"\",\"afterField\":\"\",\"value\":\"\",\"label_pos\":null,\"parentType\":\"textbox\",\"element_templates\":[\"submit\",\"button\",\"input\"],\"old_classname\":\"\",\"wrap_template\":\"wrap-no-label\"},{\"id\":\"465_1\",\"type\":\"textbox\",\"order\":999,\"fav_id\":93,\"def_id\":\"\",\"label\":\"c.b.c. Kundennummer\",\"label_pos\":\"above\",\"default_value\":\"\",\"mask\":\"\",\"datepicker\":0,\"send_email\":0,\"first_name\":0,\"last_name\":0,\"from_name\":0,\"show_help\":0,\"help_text\":\"\",\"replyto_email\":0,\"element_class\":\"\",\"required\":1,\"default\":\"\",\"key\":\"textbox_465\",\"parent_id\":56,\"beforeField\":\"\",\"afterField\":\"\",\"value\":\"\",\"parentType\":\"textbox\",\"element_templates\":[\"textbox\",\"input\"],\"old_classname\":\"\",\"wrap_template\":\"wrap\"},{\"id\":\"0_1\",\"label\":\"Signup checkbox\",\"order\":999,\"key\":\"cleverreachoptin_466\",\"type\":\"unknown\",\"message\":\"Field type &quot;cleverreachoptin&quot; not found.\",\"beforeField\":\"\",\"afterField\":\"\",\"value\":\"\",\"label_pos\":null,\"parentType\":\"unknown\",\"element_templates\":[\"null\",\"hidden\",\"input\"],\"old_classname\":\"\",\"wrap_template\":\"wrap-no-label\"}];nfForms.push(form);<\/script>\n                <script id=\"nf-tmpl-cell\" type=\"text\/template\">\n            <nf-fields><\/nf-fields>\n        <\/script>\n\n        <script id=\"nf-tmpl-row\" type=\"text\/template\">\n            <nf-cells><\/nf-cells>\n        <\/script>\n\n        <\/p>\n","protected":false},"author":1,"featured_media":0,"parent":7684,"menu_order":0,"comment_status":"closed","ping_status":"open","template":"","meta":{"_et_pb_use_builder":"on","_et_pb_old_content":"<h3><strong>Sie w\u00fcnschen einen R\u00fcckruf von uns?<\/strong><\/h3><p>Bitte nutzen Sie dieses Formular, um uns Ihr Anliegen mitzuteilen. Wir melden uns zu gew\u00fcnschter Zeit\u00a0bei Ihnen (in der Zeit von 8.00 - 17.00 Uhr von Montag bis Freitag).<\/p>","_et_gb_content_width":"","footnotes":""},"class_list":["post-7567","page","type-page","status-publish","hentry"],"aioseo_notices":[],"_links":{"self":[{"href":"https:\/\/cbc-logistics.com\/en\/wp-json\/wp\/v2\/pages\/7567","targetHints":{"allow":["GET"]}}],"collection":[{"href":"https:\/\/cbc-logistics.com\/en\/wp-json\/wp\/v2\/pages"}],"about":[{"href":"https:\/\/cbc-logistics.com\/en\/wp-json\/wp\/v2\/types\/page"}],"author":[{"embeddable":true,"href":"https:\/\/cbc-logistics.com\/en\/wp-json\/wp\/v2\/users\/1"}],"replies":[{"embeddable":true,"href":"https:\/\/cbc-logistics.com\/en\/wp-json\/wp\/v2\/comments?post=7567"}],"version-history":[{"count":0,"href":"https:\/\/cbc-logistics.com\/en\/wp-json\/wp\/v2\/pages\/7567\/revisions"}],"up":[{"embeddable":true,"href":"https:\/\/cbc-logistics.com\/en\/wp-json\/wp\/v2\/pages\/7684"}],"wp:attachment":[{"href":"https:\/\/cbc-logistics.com\/en\/wp-json\/wp\/v2\/media?parent=7567"}],"curies":[{"name":"wp","href":"https:\/\/api.w.org\/{rel}","templated":true}]}}