{"id":7690,"date":"2015-11-03T08:40:24","date_gmt":"2015-11-03T08:40:24","guid":{"rendered":"https:\/\/en.cbc-logistics.com\/about-us\/partners\/"},"modified":"2022-03-16T11:11:04","modified_gmt":"2022-03-16T10:11:04","slug":"partners","status":"publish","type":"page","link":"https:\/\/cbc-logistics.com\/en\/about-us\/partners","title":{"rendered":"Partners"},"content":{"rendered":"<p>[et_pb_section fb_built=&#8221;1&#8243; fullwidth=&#8221;on&#8221; admin_label=&#8221;section&#8221; _builder_version=&#8221;3.22&#8243; background_color=&#8221;#153b78&#8243; transparent_background=&#8221;off&#8221;][et_pb_fullwidth_header title=&#8221;Our partners&#8221; subhead=&#8221;increasing efficiency &#8211; creating synergies &#8211; raising productivity&#8221; text_orientation=&#8221;center&#8221; admin_label=&#8221;Vollbreite Kopfzeile&#8221; _builder_version=&#8221;3.16&#8243; background_color=&#8221;rgba(255, 255, 255, 0)&#8221; button_one_letter_spacing_hover=&#8221;0&#8243; button_two_letter_spacing_hover=&#8221;0&#8243; button_one_text_size__hover_enabled=&#8221;off&#8221; button_two_text_size__hover_enabled=&#8221;off&#8221; button_one_text_color__hover_enabled=&#8221;off&#8221; button_two_text_color__hover_enabled=&#8221;off&#8221; button_one_border_width__hover_enabled=&#8221;off&#8221; button_two_border_width__hover_enabled=&#8221;off&#8221; button_one_border_color__hover_enabled=&#8221;off&#8221; button_two_border_color__hover_enabled=&#8221;off&#8221; button_one_border_radius__hover_enabled=&#8221;off&#8221; button_two_border_radius__hover_enabled=&#8221;off&#8221; button_one_letter_spacing__hover_enabled=&#8221;on&#8221; button_one_letter_spacing__hover=&#8221;0&#8243; button_two_letter_spacing__hover_enabled=&#8221;on&#8221; button_two_letter_spacing__hover=&#8221;0&#8243; button_one_bg_color__hover_enabled=&#8221;off&#8221; button_two_bg_color__hover_enabled=&#8221;off&#8221;] [\/et_pb_fullwidth_header][\/et_pb_section][et_pb_section fb_built=&#8221;1&#8243; admin_label=&#8221;section&#8221; _builder_version=&#8221;3.22&#8243;][et_pb_row padding_mobile=&#8221;off&#8221; column_padding_mobile=&#8221;on&#8221; admin_label=&#8221;row&#8221; module_class=&#8221; et_pb_row_fullwidth&#8221; _builder_version=&#8221;3.25&#8243; background_size=&#8221;initial&#8221; background_position=&#8221;top_left&#8221; background_repeat=&#8221;repeat&#8221; width=&#8221;89%&#8221; width_tablet=&#8221;80%&#8221; width_last_edited=&#8221;on|desktop&#8221; max_width=&#8221;89%&#8221; max_width_tablet=&#8221;80%&#8221; max_width_last_edited=&#8221;on|desktop&#8221; make_fullwidth=&#8221;on&#8221; column_structure=&#8221;2_3,1_3&#8243;][et_pb_column type=&#8221;2_3&#8243; _builder_version=&#8221;3.25&#8243; custom_padding=&#8221;|||&#8221; custom_padding__hover=&#8221;|||&#8221;][et_pb_text admin_label=&#8221;Text&#8221; _builder_version=&#8221;3.27.4&#8243; background_size=&#8221;initial&#8221; background_position=&#8221;top_left&#8221; background_repeat=&#8221;repeat&#8221;]<\/p>\n<h4>c.b.c. logistics is your strategic partner for e-commerce<\/h4>\n<p>&#8220;Cooperation promotes innovative approaches&#8221;. True to this motto we focus on our core competencies and connect them with those of our customers and partners. We operate with high know how, solid experience and high efficiency on the market. This allows us to offer quality services at competitive prices. Strategic partnership means for us:<\/p>\n<h4>Increasing efficiency &#8211; creating synergies &#8211; raising productivity<\/h4>\n<p>The trust of our customers is our most valuable asset and is the basis for a successful cooperation. Discretion is our top priority in the relationship with all of our customers. Our work method is always characterised by high precision. Cooperation increases efficiency and improves productivity. We always rely on the latest technology. c.b.c. logistics contributes to your success, together with the following companies: [\/et_pb_text][\/et_pb_column][et_pb_column type=&#8221;1_3&#8243; _builder_version=&#8221;3.25&#8243; custom_padding=&#8221;|||&#8221; custom_padding__hover=&#8221;|||&#8221;][et_pb_testimonial job_title=&#8221;Chief sales manager&#8221; portrait_url=&#8221;https:\/\/cbc-logistics.com\/wp-content\/uploads\/2019\/03\/cbc-mardo.png&#8221; quote_icon=&#8221;off&#8221; admin_label=&#8221;Testimonial&#8221; _builder_version=&#8221;3.20.1&#8243; background_color=&#8221;#1b3c74&#8243; background_size=&#8221;initial&#8221; background_position=&#8221;top_left&#8221; background_repeat=&#8221;repeat&#8221; text_orientation=&#8221;center&#8221; background_layout=&#8221;dark&#8221;] We operate using the BEST know-how, solid experience and high efficiency and deliver high-quality services at competitive prices. [\/et_pb_testimonial][\/et_pb_column][\/et_pb_row][et_pb_row padding_mobile=&#8221;off&#8221; column_padding_mobile=&#8221;on&#8221; admin_label=&#8221;row&#8221; module_class=&#8221; et_pb_row_fullwidth&#8221; _builder_version=&#8221;3.25&#8243; background_size=&#8221;initial&#8221; background_position=&#8221;top_left&#8221; background_repeat=&#8221;repeat&#8221; width=&#8221;89%&#8221; width_tablet=&#8221;80%&#8221; width_last_edited=&#8221;on|desktop&#8221; max_width=&#8221;89%&#8221; max_width_tablet=&#8221;80%&#8221; max_width_last_edited=&#8221;on|desktop&#8221; make_fullwidth=&#8221;on&#8221;][et_pb_column type=&#8221;4_4&#8243; _builder_version=&#8221;3.25&#8243; custom_padding=&#8221;|||&#8221; custom_padding__hover=&#8221;|||&#8221;][et_pb_divider color=&#8221;#ffffff&#8221; disabled_on=&#8221;on|on|off&#8221; admin_label=&#8221;Divider&#8221; _builder_version=&#8221;3.2&#8243; height=&#8221;10px&#8221;] [\/et_pb_divider][et_pb_text admin_label=&#8221;Text&#8221; _builder_version=&#8221;3.27.4&#8243; background_size=&#8221;initial&#8221; background_position=&#8221;top_left&#8221; background_repeat=&#8221;repeat&#8221;]<\/p>\n<h2>Our partners<\/h2>\n<p>[\/et_pb_text][et_pb_portfolio fullwidth=&#8221;off&#8221; posts_number=&#8221;20&#8243; include_categories=&#8221;31&#8243; show_title=&#8221;off&#8221; show_categories=&#8221;off&#8221; admin_label=&#8221;Portfolio&#8221; module_class=&#8221;portfolio-section&#8221; _builder_version=&#8221;3.0.48&#8243; background_size=&#8221;initial&#8221; background_position=&#8221;top_left&#8221; background_repeat=&#8221;repeat&#8221; disabled_on=&#8221;on|on|on&#8221; disabled=&#8221;on&#8221;] [\/et_pb_portfolio][\/et_pb_column][\/et_pb_row][\/et_pb_section][et_pb_section fb_built=&#8221;1&#8243; admin_label=&#8221;section&#8221; _builder_version=&#8221;3.22&#8243; background_color=&#8221;#153b78&#8243; transparent_background=&#8221;off&#8221;][et_pb_row padding_mobile=&#8221;off&#8221; column_padding_mobile=&#8221;on&#8221; admin_label=&#8221;row&#8221; module_class=&#8221; et_pb_row_fullwidth&#8221; _builder_version=&#8221;3.25&#8243; background_size=&#8221;initial&#8221; background_position=&#8221;top_left&#8221; background_repeat=&#8221;repeat&#8221; width=&#8221;89%&#8221; width_tablet=&#8221;80%&#8221; width_last_edited=&#8221;on|desktop&#8221; max_width=&#8221;89%&#8221; max_width_tablet=&#8221;80%&#8221; max_width_last_edited=&#8221;on|desktop&#8221; make_fullwidth=&#8221;on&#8221;][et_pb_column type=&#8221;4_4&#8243; _builder_version=&#8221;3.25&#8243; custom_padding=&#8221;|||&#8221; custom_padding__hover=&#8221;|||&#8221;][et_pb_text admin_label=&#8221;Text&#8221; _builder_version=&#8221;3.27.4&#8243; background_size=&#8221;initial&#8221; background_position=&#8221;top_left&#8221; background_repeat=&#8221;repeat&#8221; text_orientation=&#8221;center&#8221; background_layout=&#8221;dark&#8221; module_alignment=&#8221;center&#8221; use_border_color=&#8221;off&#8221; border_color=&#8221;#ffffff&#8221; border_style=&#8221;solid&#8221;]<\/p>\n<h2><span style=\"font-size: 24px;\">Want to be a partner of c.b.c. logistics?<\/span><\/h2>\n<h3><span style=\"font-size: 20px;\">Together we can achieve more! This is the motto of the c.b.c. logistics partner network.<\/span><\/h3>\n<p>[\/et_pb_text][et_pb_cta button_url=&#8221;https:\/\/en.cbc-logistics.com\/about-us\/partners\/partnership-request\/&#8221; button_text=&#8221;partnership request&#8221; admin_label=&#8221;Call To Action&#8221; module_id=&#8221;rueckruf1&#8243; module_class=&#8221;rueckruf&#8221; _builder_version=&#8221;3.16&#8243; use_background_color=&#8221;off&#8221; background_size=&#8221;initial&#8221; background_position=&#8221;top_left&#8221; background_repeat=&#8221;repeat&#8221; use_border_color=&#8221;off&#8221; border_color=&#8221;#ffffff&#8221; border_style=&#8221;solid&#8221; button_border_radius_hover=&#8221;3&#8243; button_letter_spacing_hover=&#8221;0&#8243; button_text_size__hover_enabled=&#8221;off&#8221; button_one_text_size__hover_enabled=&#8221;off&#8221; button_two_text_size__hover_enabled=&#8221;off&#8221; button_text_color__hover_enabled=&#8221;off&#8221; button_one_text_color__hover_enabled=&#8221;off&#8221; button_two_text_color__hover_enabled=&#8221;off&#8221; button_border_width__hover_enabled=&#8221;off&#8221; button_one_border_width__hover_enabled=&#8221;off&#8221; button_two_border_width__hover_enabled=&#8221;off&#8221; button_border_color__hover_enabled=&#8221;off&#8221; button_one_border_color__hover_enabled=&#8221;off&#8221; button_two_border_color__hover_enabled=&#8221;off&#8221; button_border_radius__hover_enabled=&#8221;on&#8221; button_border_radius__hover=&#8221;3&#8243; button_one_border_radius__hover_enabled=&#8221;off&#8221; button_two_border_radius__hover_enabled=&#8221;off&#8221; button_letter_spacing__hover_enabled=&#8221;on&#8221; button_letter_spacing__hover=&#8221;0&#8243; button_one_letter_spacing__hover_enabled=&#8221;off&#8221; button_two_letter_spacing__hover_enabled=&#8221;off&#8221; button_bg_color__hover_enabled=&#8221;off&#8221; button_one_bg_color__hover_enabled=&#8221;off&#8221; button_two_bg_color__hover_enabled=&#8221;off&#8221;] [\/et_pb_cta][\/et_pb_column][\/et_pb_row][\/et_pb_section]<\/p>\n","protected":false},"excerpt":{"rendered":"<p>c.b.c. logistics is your strategic partner for e-commerce&#8221;Cooperation promotes innovative approaches&#8221;. True to this motto we focus on our core competencies and connect them with those of our customers and partners. We operate with high know how, solid experience and high efficiency on the market. This allows us to offer quality services at competitive prices. [&hellip;]<\/p>\n","protected":false},"author":1,"featured_media":0,"parent":5870,"menu_order":9,"comment_status":"closed","ping_status":"closed","template":"","meta":{"_et_pb_use_builder":"on","_et_pb_old_content":"Die <strong>c.b.c. logistics GmbH<\/strong> kooperiert mit ausgesuchten <strong>Partnern<\/strong>, um Ihnen als Endkunden auch einen guten Service liefern zu k\u00f6nnen!\r\n\r\n\u00a0\r\n\r\n<hr \/>\r\n\r\n\u00a0\r\n\r\n<a href=\"https:\/\/www.warenbrief.de\/\" target=\"_blank\"><img class=\"wp-image-314 alignleft\" title=\"warenBRIEF .de\" alt=\"warenBRIEF .de\" src=\"https:\/\/cbc-logistics.com\/wp-content\/uploads\/2013\/07\/WB-Logo-Vektor_131.png\" width=\"195\" height=\"109\" \/><\/a>Weitere Informationen zu unserem Partner <strong>warenBRIEF<\/strong>, finden Sie auf unserer entsprechenden Seite \"<a title=\"Warenbrief\" href=\"https:\/\/cbc-logistics.com\/warenbrief\/\">warenBRIEF<\/a>\".\r\n\r\n\u00a0\r\n\r\n\u00a0\r\n\r\n\u00a0\r\n\r\n<hr \/>\r\n\r\n\u00a0\r\n\r\n\u00a0\r\n\r\n<a href=\"https:\/\/www.ecommerce-lounge.de\/\" target=\"_blank\"><img class=\"size-full wp-image-312 alignleft\" title=\"ecommerce-lounge.de\" alt=\"ecommerce-lounge.de\" src=\"https:\/\/cbc-logistics.com\/wp-content\/uploads\/2013\/07\/ecommerce-lounge_logo.png\" width=\"214\" height=\"55\" \/><\/a>\r\n\r\nDie <strong>eCommerce Lounge<\/strong> ist ein Online-Magazin f\u00fcr eCommerce-Professionals. Als tagesaktuelles Medium berichtet die eCommerce Lounge \u00fcber News & Trends aus dem Online-Handel und bietet Fachartikel von erfahrenen eCommerce-Profis.\r\n\r\n\u00a0\r\n\r\n<hr \/>\r\n\r\n\u00a0\r\n\r\n<a href=\"https:\/\/www.ecom-software.de\/\" target=\"_blank\"><img class=\"wp-image-311 alignleft\" title=\"eCom-software.de\" alt=\"eCom-software.de\" src=\"https:\/\/cbc-logistics.com\/wp-content\/uploads\/2013\/07\/ecom_logo.png\" width=\"230\" height=\"71\" \/><\/a>\r\n\r\n<strong>eCom Software Solution \u2013 eCommerce Multichannel<\/strong>\r\nF\u00fcr Ihren Erfolg brauchen Sie unser Wissen. <strong>Wie funktioniert erfolgreiches Verkaufen im Web?<\/strong> Platzieren Sie Ihre Produkte dort, wo Ihre Kunden sind. Bieten Sie diese so an, dass sie unwiderstehlich sind. Halten Sie den Verkaufsvorgang so einfach und transparent wie m\u00f6glich. Gemeinsam schauen wir, was Sie bereits haben, was Sie brauchen und wie Sie sich Schritt f\u00fcr Schritt auf der virtuellen Einkaufsmeile einen Namen machen. <strong>Dazu bieten wir passende Systeme:<\/strong> Shopsysteme (OXID eShop, Shopware, Plenty Shops), Shop Module \/ Modulentwicklung \/ Shop PlugIns, f\u00fcr H\u00e4ndler \/ Powerseller jeder Gr\u00f6\u00dfe \u2013 auch auf Mietbasis. <strong>Wir haben \u00fcberzeugende L\u00f6sungen:<\/strong> Multichannel-L\u00f6sungen f\u00fcr Powerseller (AuktionMaster \/ Plenty \/ eFulfilment \/ Afterbuy), Individuelle Software-Entwicklung, Schnittstellenentwicklung (SOAP\/XML\/REST), Online-Vertriebspower, hochwertigen Content, Online-Marketing, Conversionoptimierung und jede Menge E-Commerce-Erfahrung, die Sie voranbringt!\r\n\r\n\u00a0\r\n\r\n<hr \/>\r\n\r\n\u00a0\r\n\r\n<img class=\"wp-image-313 alignleft\" title=\"softimal.de\" alt=\"softimal.de\" src=\"https:\/\/cbc-logistics.com\/wp-content\/uploads\/2013\/07\/softimal_logo.jpg\" width=\"285\" height=\"66\" \/>\r\n\r\n<strong>Softimal<\/strong> entwickelt unkompliziert und unb\u00fcrokratisch gew\u00fcnschte Programme im Bereich Versandoptimierung, Logistik, Bestellwesen und Warenwirtschaft.\r\n\r\n\u00a0\r\n\r\n\u00a0\r\n\r\n<hr \/>\r\n\r\n\u00a0\r\n<p style=\"text-align: center;\"><a title=\"KartonK\u00f6nig\" href=\"https:\/\/www.kartonkoenig.de\" target=\"_blank\"><img class=\"wp-image-341 alignleft\" alt=\"Karton_k\u00f6nig_logo\" src=\"https:\/\/cbc-logistics.com\/wp-content\/uploads\/2013\/07\/Karton_k\u00f6nig_logo.png\" width=\"242\" height=\"104\" \/><\/a><\/p>\r\n<p style=\"text-align: left;\">Beim <strong>KartonK\u00f6nig<\/strong> erhalten Shopbetreiber und Versender alles, was n\u00f6tig ist und was das Herz begehrt - und das sogar mit 5% Rabatt f\u00fcr alle c.b.c logistics GmbH Kunden.<\/p>\r\n\u00a0\r\n\u00a0\r\n<hr \/>\r\n\r\n\u00a0\r\n\r\n<a title=\"PaketPLUS\" href=\"https:\/\/paketplus.de\/\" target=\"_blank\"><img class=\"wp-image-341 alignleft\" alt=\"PaketPLUS Logo\" src=\"https:\/\/cbc-logistics.com\/wp-content\/uploads\/2013\/11\/PPlus_Logo_cmyk_Claim.jpg\" width=\"342\" height=\"120\" \/><\/a>\r\n\r\n<strong>PaketPLUS<\/strong> ist das Versandnetzwerk f\u00fcr Paketbeilagen und mit seinen Angeboten in Deutschland, Frankreich und Gro\u00dfbritannien einer der gr\u00f6\u00dften Distributoren f\u00fcr den Versand von Gutscheinangeboten in Europa. \u00a0Wir bringen Sie als Online-H\u00e4ndler mit den Werbetreibenden zusammen und schaffen damit zus\u00e4tzlich einen Mehrwert f\u00fcr Ihre Kunden.","_et_gb_content_width":"","footnotes":""},"class_list":["post-7690","page","type-page","status-publish","hentry"],"aioseo_notices":[],"_links":{"self":[{"href":"https:\/\/cbc-logistics.com\/en\/wp-json\/wp\/v2\/pages\/7690","targetHints":{"allow":["GET"]}}],"collection":[{"href":"https:\/\/cbc-logistics.com\/en\/wp-json\/wp\/v2\/pages"}],"about":[{"href":"https:\/\/cbc-logistics.com\/en\/wp-json\/wp\/v2\/types\/page"}],"author":[{"embeddable":true,"href":"https:\/\/cbc-logistics.com\/en\/wp-json\/wp\/v2\/users\/1"}],"replies":[{"embeddable":true,"href":"https:\/\/cbc-logistics.com\/en\/wp-json\/wp\/v2\/comments?post=7690"}],"version-history":[{"count":0,"href":"https:\/\/cbc-logistics.com\/en\/wp-json\/wp\/v2\/pages\/7690\/revisions"}],"up":[{"embeddable":true,"href":"https:\/\/cbc-logistics.com\/en\/wp-json\/wp\/v2\/pages\/5870"}],"wp:attachment":[{"href":"https:\/\/cbc-logistics.com\/en\/wp-json\/wp\/v2\/media?parent=7690"}],"curies":[{"name":"wp","href":"https:\/\/api.w.org\/{rel}","templated":true}]}}