{"id":7692,"date":"2015-11-03T09:00:30","date_gmt":"2015-11-03T09:00:30","guid":{"rendered":"https:\/\/en.cbc-logistics.com\/about-us\/references\/"},"modified":"2016-05-25T11:58:57","modified_gmt":"2016-05-25T10:58:57","slug":"references","status":"publish","type":"page","link":"https:\/\/cbc-logistics.com\/en\/about-us\/references","title":{"rendered":"References"},"content":{"rendered":"<p>[et_pb_section admin_label=&#8221;section&#8221; fullwidth=&#8221;on&#8221; specialty=&#8221;off&#8221; transparent_background=&#8221;off&#8221; inner_shadow=&#8221;off&#8221; parallax=&#8221;off&#8221; parallax_method=&#8221;off&#8221; background_color=&#8221;#1b3c74&#8243;][et_pb_fullwidth_header admin_label=&#8221;Vollbreite Kopfzeile&#8221; title=&#8221;Our references&#8221; background_layout=&#8221;dark&#8221; text_orientation=&#8221;center&#8221; header_fullscreen=&#8221;off&#8221; header_scroll_down=&#8221;off&#8221; parallax=&#8221;off&#8221; parallax_method=&#8221;off&#8221; content_orientation=&#8221;center&#8221; image_orientation=&#8221;center&#8221; custom_button_one=&#8221;off&#8221; button_one_letter_spacing=&#8221;0&#8243; button_one_use_icon=&#8221;default&#8221; button_one_icon_placement=&#8221;right&#8221; button_one_on_hover=&#8221;on&#8221; button_one_letter_spacing_hover=&#8221;0&#8243; custom_button_two=&#8221;off&#8221; button_two_letter_spacing=&#8221;0&#8243; button_two_use_icon=&#8221;default&#8221; button_two_icon_placement=&#8221;right&#8221; button_two_on_hover=&#8221;on&#8221; button_two_letter_spacing_hover=&#8221;0&#8243;] [\/et_pb_fullwidth_header][\/et_pb_section][et_pb_section admin_label=&#8221;section&#8221;][et_pb_row admin_label=&#8221;row&#8221; make_fullwidth=&#8221;on&#8221; use_custom_width=&#8221;off&#8221; width_unit=&#8221;on&#8221; use_custom_gutter=&#8221;off&#8221; padding_mobile=&#8221;off&#8221; allow_player_pause=&#8221;off&#8221; parallax=&#8221;off&#8221; parallax_method=&#8221;off&#8221; make_equal=&#8221;off&#8221; parallax_1=&#8221;off&#8221; parallax_method_1=&#8221;off&#8221; column_padding_mobile=&#8221;on&#8221;][et_pb_column type=&#8221;4_4&#8243;][et_pb_filterable_portfolio admin_label=&#8221;Filterable Portfolio&#8221; fullwidth=&#8221;off&#8221; posts_number=&#8221;50&#8243; include_categories=&#8221;26&#8243; show_title=&#8221;off&#8221; show_categories=&#8221;off&#8221; show_pagination=&#8221;off&#8221; background_layout=&#8221;light&#8221; module_class=&#8221;portfolio-section&#8221;] [\/et_pb_filterable_portfolio][\/et_pb_column][\/et_pb_row][\/et_pb_section][et_pb_section admin_label=&#8221;section&#8221; global_module=&#8221;8023&#8243; fullwidth=&#8221;off&#8221; specialty=&#8221;off&#8221; transparent_background=&#8221;off&#8221; background_color=&#8221;#153b78&#8243; inner_shadow=&#8221;off&#8221; parallax=&#8221;off&#8221; parallax_method=&#8221;off&#8221; allow_player_pause=&#8221;off&#8221; padding_mobile=&#8221;off&#8221; make_fullwidth=&#8221;off&#8221; use_custom_width=&#8221;off&#8221; width_unit=&#8221;on&#8221; make_equal=&#8221;off&#8221; use_custom_gutter=&#8221;off&#8221; gutter_width=&#8221;3&#8243;][et_pb_row global_parent=&#8221;8023&#8243; admin_label=&#8221;row&#8221; make_fullwidth=&#8221;on&#8221; use_custom_width=&#8221;off&#8221; width_unit=&#8221;off&#8221; use_custom_gutter=&#8221;off&#8221; custom_padding=&#8221;15px|0px|0px|0px&#8221; padding_mobile=&#8221;off&#8221; allow_player_pause=&#8221;off&#8221; parallax=&#8221;off&#8221; parallax_method=&#8221;off&#8221; make_equal=&#8221;off&#8221; parallax_1=&#8221;off&#8221; parallax_method_1=&#8221;off&#8221; column_padding_mobile=&#8221;on&#8221;][et_pb_column type=&#8221;4_4&#8243;][et_pb_text global_parent=&#8221;8023&#8243; admin_label=&#8221;Text&#8221; background_layout=&#8221;dark&#8221; text_orientation=&#8221;center&#8221; use_border_color=&#8221;off&#8221; border_color=&#8221;#ffffff&#8221; border_style=&#8221;solid&#8221;]<\/p>\n<h2><span style=\"font-size: 24px;\">We optimise your parcel shipping<\/span><\/h2>\n<h3><span style=\"font-size: 20px;\">c.b.c. logistics is your partner when it comes to shipping business and logistics solutions. Contact us <strong>now<\/strong>! Our consultation is <strong>non-binding<\/strong> and <strong>free of charge<\/strong>.<\/span><\/h3>\n<p>[\/et_pb_text][\/et_pb_column][\/et_pb_row][et_pb_row global_parent=&#8221;8023&#8243; admin_label=&#8221;row&#8221; make_fullwidth=&#8221;on&#8221; use_custom_width=&#8221;off&#8221; width_unit=&#8221;on&#8221; use_custom_gutter=&#8221;off&#8221; padding_mobile=&#8221;off&#8221; allow_player_pause=&#8221;off&#8221; parallax=&#8221;off&#8221; parallax_method=&#8221;off&#8221; make_equal=&#8221;off&#8221; parallax_1=&#8221;off&#8221; parallax_method_1=&#8221;off&#8221; parallax_2=&#8221;off&#8221; parallax_method_2=&#8221;off&#8221; column_padding_mobile=&#8221;on&#8221;][et_pb_column type=&#8221;1_2&#8243;][et_pb_cta global_parent=&#8221;8023&#8243; admin_label=&#8221;Call To Action&#8221; saved_tabs=&#8221;all&#8221; button_url=&#8221;https:\/\/en.cbc-logistics.com\/contact\/#callback&#8221; url_new_window=&#8221;off&#8221; button_text=&#8221;REQUEST A CALL BACK&#8221; use_background_color=&#8221;off&#8221; background_color=&#8221;#888989&#8243; background_layout=&#8221;dark&#8221; text_orientation=&#8221;center&#8221; header_font_size=&#8221;26&#8243; body_font_size=&#8221;14&#8243; body_line_height=&#8221;1.4em&#8221; use_border_color=&#8221;off&#8221; border_color=&#8221;#ffffff&#8221; border_style=&#8221;solid&#8221; custom_button=&#8221;on&#8221; button_text_size=&#8221;20&#8243; button_text_color=&#8221;#ffffff&#8221; button_bg_color=&#8221;#8db30c&#8221; button_border_width=&#8221;2&#8243; button_border_radius=&#8221;3&#8243; button_letter_spacing=&#8221;0&#8243; button_use_icon=&#8221;off&#8221; button_icon_placement=&#8221;right&#8221; button_on_hover=&#8221;on&#8221; button_text_color_hover=&#8221;#8db30c&#8221; button_bg_color_hover=&#8221;#ffffff&#8221; button_border_color_hover=&#8221;#8db30c&#8221; button_border_radius_hover=&#8221;3&#8243; button_letter_spacing_hover=&#8221;1&#8243;] [\/et_pb_cta][\/et_pb_column][et_pb_column type=&#8221;1_2&#8243;][et_pb_cta global_parent=&#8221;8023&#8243; admin_label=&#8221;Call To Action&#8221; saved_tabs=&#8221;all&#8221; button_url=&#8221;https:\/\/en.cbc-logistics.com\/contact\/quote-request\/&#8221; url_new_window=&#8221;off&#8221; button_text=&#8221;REQUEST A TAILORED QUOTE&#8221; use_background_color=&#8221;off&#8221; background_color=&#8221;#888989&#8243; background_layout=&#8221;dark&#8221; text_orientation=&#8221;center&#8221; header_font_size=&#8221;26&#8243; body_font_size=&#8221;14&#8243; body_line_height=&#8221;1.4em&#8221; use_border_color=&#8221;off&#8221; border_color=&#8221;#ffffff&#8221; border_style=&#8221;solid&#8221; custom_button=&#8221;on&#8221; button_text_size=&#8221;20&#8243; button_text_color=&#8221;#ffffff&#8221; button_bg_color=&#8221;#8db30c&#8221; button_border_width=&#8221;2&#8243; button_border_radius=&#8221;3&#8243; button_letter_spacing=&#8221;0&#8243; button_use_icon=&#8221;off&#8221; button_icon_placement=&#8221;right&#8221; button_on_hover=&#8221;on&#8221; button_text_color_hover=&#8221;#8db30c&#8221; button_bg_color_hover=&#8221;#ffffff&#8221; button_border_color_hover=&#8221;#8db30c&#8221; button_border_radius_hover=&#8221;3&#8243; button_letter_spacing_hover=&#8221;1&#8243;] [\/et_pb_cta][\/et_pb_column][\/et_pb_row][\/et_pb_section]<\/p>\n","protected":false},"excerpt":{"rendered":"<p>We optimise your parcel shippingc.b.c. logistics is your partner when it comes to shipping business and logistics solutions. Contact us now! Our consultation is non-binding and free of charge.<\/p>\n","protected":false},"author":1,"featured_media":0,"parent":5870,"menu_order":5,"comment_status":"closed","ping_status":"closed","template":"","meta":{"_et_pb_use_builder":"on","_et_pb_old_content":"<p>Hier finden Sie unsere Referenzen - Unternehmen, die mit der c.b.c. logistics GmbH und uns zufrieden sind!<\/p><hr \/><p><a href=\"https:\/\/pctotal24.shop2go.biz\/\" target=\"_blank\"><img class=\"alignleft\" src=\"https:\/\/cbc-logistics.com\/wp-content\/uploads\/2013\/04\/PC-Total-logo.jpg\" alt=\"PC-Total-logo\" width=\"190\" height=\"105\" \/><\/a><br \/> Link zum\u00a0<a href=\" https:\/\/pctotal24.shop2go.biz\/\" target=\"_blank\">PCTotal-Shop<\/a><br \/> Link zum\u00a0<a href=\" https:\/\/stores.ebay.de\/Dualmediascout?_trksid=p2047675.l2563\" target=\"_blank\">ebay-shop<\/a><br \/> Link zum\u00a0<a style=\"line-height: 19px;\" href=\" https:\/\/www.amazon.de\/gp\/browse.html?ie=UTF8&marketplaceID=A1PA6795UKMFR9&me=A3TA9JTR2NHJ9P\" target=\"_blank\">amazon-shop<\/a><\/p><p>\u00a0<\/p><p><strong>Das sagt der Kunde \u00fcber die c.b.c. logistics GmbH<\/strong><\/p><p><em>\u00a0<\/em><\/p><hr \/><p><a href=\"https:\/\/www.golden-peanut.de\/\" target=\"_blank\"><img class=\"alignleft\" src=\"https:\/\/cbc-logistics.com\/wp-content\/plugins\/images-thumbnail-sliderv1\/imagestoscroll\/logo_golden_peanut.png\" alt=\"Golden-Peanut-Logo\" width=\"190\" height=\"105\" \/><\/a><br \/> Link zum\u00a0<a style=\"line-height: 19px;\" title=\"Golden Peanut Shop\" href=\"https:\/\/www.Golden-Peanut.de\" target=\"_blank\">Golden-Peanut Shop<\/a><br \/> E-Mail Adresse\u00a0<a style=\"line-height: normal;\" href=\"mailto:service@golden-peanut.de\">service@golden-peanut.de<\/a><br \/> Telefonnummer Kundenservice (9-13Uhr) 04173-58180-0<\/p><p>\u00a0<\/p><p><strong>Das sagt der Kunde \u00fcber die c.b.c. logistics GmbH<\/strong><\/p><p><em>\"Die Zusammenarbeit mit c.b.c. logistics hat sich vielfach bew\u00e4hrt.\u00a0Die M\u00f6glichkeit mehrere Versanddienstleister zu kombinieren erwies sich f\u00fcr\u00a0unseren Betrieb als sehr vorteilhaft.\u00a0Bei jeder Art von Problemen findet man bei CBC einen Ansprechpartner,\u00a0l\u00f6sungsorientiertes Zusammenarbeiten erspart uns dadurch l\u00e4stiges Warten in Telefonschleifen.\" (Svenja Classen, <\/em>Inhaberin der Golden Peanut UG<em>)<\/em><\/p><hr \/><p>\u00a0<\/p><p><a href=\"https:\/\/www.mixgenuss.de\/\" target=\"_blank\"><img class=\"wp-image-347 alignleft\" title=\"Mixgenuss_logo\" src=\"https:\/\/cbc-logistics.com\/wp-content\/uploads\/2013\/07\/Mixgenuss_logo.jpg\" alt=\"Mixgenuss_logo\" width=\"172\" height=\"122\" \/><\/a>Link zum Shop von <a title=\"Mixgenuss\" href=\"https:\/\/www.mixgenuss.de\/\" target=\"_blank\">Mixgenuss<br \/> <\/a>E-Mail Adresse\u00a0<a href=\"mailto:info@mixgenuss.de\" target=\"_blank\">info@mixgenuss.de<br \/> <\/a>Bei Facebook\u00a0<a href=\"https:\/\/www.facebook.com\/MixGenuss\" target=\"_blank\">MixGenuss<\/a><\/p><p>\u00a0<\/p><p>\u00a0<\/p><p><strong>Das sagt der Kunde \u00fcber die c.b.c. logistics GmbH<\/strong><\/p><p><em>\"<\/em><em>Wir sind sehr zufrieden!\u00a0<\/em><em>Die Firma c.b.c logistics GmbH k\u00f6nnen wir nur empfehlen.\u00a0<\/em><em>Alles funktioniert prima und ein reibungsloser Ablauf unseres Versands ist gew\u00e4hrleistet.\u00a0<\/em><em>Auch unsere Fragen und Anliegen werden z\u00fcgig bearbeitet.\u00a0Weiter so!\" \u00a0(Corinna Wild,\u00a0<\/em>Gesch\u00e4ftsf\u00fchrerein<em>)<\/em><\/p><hr \/><p><em><a href=\"https:\/\/www.smokings.de\/\" target=\"_blank\"><img class=\"size-full wp-image-368 alignleft\" title=\"Gentleline Online-Shop\" src=\"https:\/\/cbc-logistics.com\/wp-content\/uploads\/2013\/04\/logo_gentleline.png\" alt=\"Gentleline Online-Shop\" width=\"240\" height=\"130\" \/><\/a><\/em><\/p><p>Link zum Shop von <a title=\"Gentleline Shop\" href=\"https:\/\/www.smokings.de\/\" target=\"_blank\">Gentleline<\/a><br \/> E-Mail Adresse\u00a0<a href=\"mailto:info@smokings.de\" target=\"_blank\">info@smokings.de<br \/> <\/a>Bei Facebook\u00a0<a href=\"https:\/\/www.facebook.com\/axel.ziegeldorf\">Axel Ziegeldorf<\/a><\/p><p>\u00a0<\/p><p>\u00a0<\/p><p><strong>Das sagt der Kunde \u00fcber die c.b.c. logistics GmbH<\/strong><\/p><p><em>\"<\/em><em>Die c.b.c logistics GmbH ist der ideale Partner f\u00fcr Versandkostenoptimierung. Der Support ist gut zu erreichen und findet bei Problemen immer und schnell eine L\u00f6sung.\u00a0<\/em><em>Freundlichkeit und Kompetenz sind hier Standard. 5 Sterne von \"Gentleline Online-Shop<\/em><em>\" \u00a0(Axel Ziegeldorf,\u00a0<\/em>Inhaber<em>)<\/em><\/p><hr \/><p>\u00a0<\/p><p><a href=\"https:\/\/www.ms-tierbedarf.de\/\" target=\"_blank\"><img class=\"wp-image-438 alignleft\" src=\"https:\/\/cbc-logistics.com\/wp-content\/uploads\/2013\/04\/ms_tierbedarf_logo.jpg\" alt=\"ms_tierbedarf_logo\" width=\"368\" height=\"113\" \/><\/a><\/p><p>Link zum Shop von <a title=\"MS Tierbedarf\" href=\"https:\/\/www.ms-tierbedarf.de\">MS Tierbedarf<\/a><br \/> E-Mail Adresse <a href=\"info@ms-tierbedarf.de\">info@ms-tierbedarf.de<br \/> <\/a> Telefonnummer 040 711899<\/p><p>\u00a0<\/p><p>\u00a0<\/p><p><strong>Das sagt der Kunde \u00fcber die c.b.c. logistics GmbH<\/strong><\/p><p>\"<em>\u00dcber die c.b.c. logistics versende ich seit langer Zeit mit der Firma DHL.\u00a0Seit dem hat sich mein Gesch\u00e4ftsvolumen verdoppelt. Bei der c.b.c. logistics habe ich immer einen pers\u00f6nlichen Ansprechpartner.\u00a0Vom Kundenservice bis zur technischen Support<\/em>.\"<\/p><hr \/><p><a href=\"https:\/\/www.wunnis-wolle-guenstig.de\/\" target=\"_blank\"><img class=\"alignleft\" title=\"Wunni Wollwelt\" src=\"https:\/\/cbc-logistics.com\/wp-content\/uploads\/2013\/09\/wunni.jpg\" alt=\"\" width=\"151\" height=\"162\" \/><\/a><\/p><p>Link zum Shop von<a href=\"https:\/\/www.wunnis-wolle-guenstig.de\/\">\u00a0Wunnis Wollwelt<\/a><br \/> E-Mail Adresse\u00a0<a href=\"mailto: info@wunniswollwelt.de\">info@wunniswollwelt.de<br \/> <\/a><span style=\"color: #333333;\">Telefonnummer\u00a003901-3087950<\/span><\/p><p>\u00a0<\/p><p>\u00a0<\/p><p>\u00a0<\/p><p><strong>Das sagt der Kunde \u00fcber die c.b.c. logistics GmbH<\/strong><\/p><p><em>\"Wir haben mit c.b.c logistics einen kompetenten Partner f\u00fcr unseren Versand gefunden. Fragen werden unverz\u00fcglich beantwortet, bei eventuellen Problemen findet sich immer jemand, der uns zuverl\u00e4ssig und schnell weiter hilft. Wir k\u00f6nnen c.b.c logistics nur weiter empfehlen !\"<\/em><\/p>","_et_gb_content_width":"","footnotes":""},"class_list":["post-7692","page","type-page","status-publish","hentry"],"aioseo_notices":[],"_links":{"self":[{"href":"https:\/\/cbc-logistics.com\/en\/wp-json\/wp\/v2\/pages\/7692","targetHints":{"allow":["GET"]}}],"collection":[{"href":"https:\/\/cbc-logistics.com\/en\/wp-json\/wp\/v2\/pages"}],"about":[{"href":"https:\/\/cbc-logistics.com\/en\/wp-json\/wp\/v2\/types\/page"}],"author":[{"embeddable":true,"href":"https:\/\/cbc-logistics.com\/en\/wp-json\/wp\/v2\/users\/1"}],"replies":[{"embeddable":true,"href":"https:\/\/cbc-logistics.com\/en\/wp-json\/wp\/v2\/comments?post=7692"}],"version-history":[{"count":0,"href":"https:\/\/cbc-logistics.com\/en\/wp-json\/wp\/v2\/pages\/7692\/revisions"}],"up":[{"embeddable":true,"href":"https:\/\/cbc-logistics.com\/en\/wp-json\/wp\/v2\/pages\/5870"}],"wp:attachment":[{"href":"https:\/\/cbc-logistics.com\/en\/wp-json\/wp\/v2\/media?parent=7692"}],"curies":[{"name":"wp","href":"https:\/\/api.w.org\/{rel}","templated":true}]}}